{"id":19033,"date":"2025-09-29T08:18:35","date_gmt":"2025-09-29T06:18:35","guid":{"rendered":"https:\/\/www.loveandwander.nl\/?post_type=product&#038;p=19033"},"modified":"2025-12-03T00:29:19","modified_gmt":"2025-12-02T23:29:19","slug":"kleid-ruby-rosa","status":"publish","type":"product","link":"https:\/\/www.loveandwander.nl\/de\/produkt\/kleid-ruby-rosa\/","title":{"rendered":"Kleid Ruby Rosa"},"content":{"rendered":"","protected":false},"excerpt":{"rendered":"<pre id=\"tw-target-text\" class=\"tw-data-text tw-text-large tw-ta\" dir=\"ltr\" data-placeholder=\"Vertaling\" aria-label=\"Vertaalde tekst\" data-ved=\"2ahUKEwjytqW9qtiGAxXvhf0HHYmpD2IQ3ewLegQICBAU\"><span class=\"Y2IQFc\" lang=\"de\">Sehr sch\u00f6nes Kleid, das in zwei Farben erh\u00e4ltlich ist. Das Kleid kann auch als Umstandskleid getragen werden und eignet sich sehr sch\u00f6n f\u00fcr ein Fotoshooting, eine Hochzeit oder einfach \r\nalleine getragen. Das Kleid hat einen Unterrock, der etwa bis knapp \u00fcber das Knie reicht. Die Gr\u00f6\u00dfe ist Einheitsgr\u00f6\u00dfe und kann von Gr\u00f6\u00dfe XS bis L getragen werden.<\/span><\/pre>\n<p>______________________<\/p>\n<pre class=\"tw-data-text tw-text-large tw-ta\" dir=\"ltr\" data-placeholder=\"Vertaling\" aria-label=\"Vertaalde tekst\" data-ved=\"2ahUKEwjytqW9qtiGAxXvhf0HHYmpD2IQ3ewLegQICBAU\"><span class=\"Y2IQFc\" lang=\"de\">Die Frau auf dem Foto ist 1,60 gro\u00df und tr\u00e4gt Gr\u00f6\u00dfe XS\r\n<\/span><\/pre>\n<pre id=\"tw-target-text\" class=\"tw-data-text tw-text-large tw-ta\" dir=\"ltr\" data-placeholder=\"Vertaling\" aria-label=\"Vertaalde tekst\" data-ved=\"2ahUKEwjytqW9qtiGAxXvhf0HHYmpD2IQ3ewLegQICBAU\"><span class=\"Y2IQFc\" lang=\"de\">Das Material des Kleides besteht aus 95 % Polyester und 5 % Elasthan<\/span><\/pre>\n<pre id=\"tw-target-text\" class=\"tw-data-text tw-text-large tw-ta\" dir=\"ltr\" data-placeholder=\"Vertaling\" aria-label=\"Vertaalde tekst\" data-ved=\"2ahUKEwjytqW9qtiGAxXvhf0HHYmpD2IQ3ewLegQICBAU\"><span class=\"Y2IQFc\" lang=\"de\">\u00a0<\/span><\/pre>\n","protected":false},"featured_media":19045,"comment_status":"open","ping_status":"closed","template":"","meta":{"content-type":""},"product_brand":[],"product_cat":[209,390],"product_tag":[],"class_list":{"0":"post-19033","1":"product","2":"type-product","3":"status-publish","4":"has-post-thumbnail","6":"product_cat-kleider","7":"product_cat-umstandskleider","8":"pa_kleur-rosa","10":"first","11":"instock","12":"taxable","13":"shipping-taxable","14":"purchasable","15":"product-type-simple"},"aioseo_notices":[],"_links":{"self":[{"href":"https:\/\/www.loveandwander.nl\/de\/wp-json\/wp\/v2\/product\/19033","targetHints":{"allow":["GET"]}}],"collection":[{"href":"https:\/\/www.loveandwander.nl\/de\/wp-json\/wp\/v2\/product"}],"about":[{"href":"https:\/\/www.loveandwander.nl\/de\/wp-json\/wp\/v2\/types\/product"}],"replies":[{"embeddable":true,"href":"https:\/\/www.loveandwander.nl\/de\/wp-json\/wp\/v2\/comments?post=19033"}],"wp:featuredmedia":[{"embeddable":true,"href":"https:\/\/www.loveandwander.nl\/de\/wp-json\/wp\/v2\/media\/19045"}],"wp:attachment":[{"href":"https:\/\/www.loveandwander.nl\/de\/wp-json\/wp\/v2\/media?parent=19033"}],"wp:term":[{"taxonomy":"product_brand","embeddable":true,"href":"https:\/\/www.loveandwander.nl\/de\/wp-json\/wp\/v2\/product_brand?post=19033"},{"taxonomy":"product_cat","embeddable":true,"href":"https:\/\/www.loveandwander.nl\/de\/wp-json\/wp\/v2\/product_cat?post=19033"},{"taxonomy":"product_tag","embeddable":true,"href":"https:\/\/www.loveandwander.nl\/de\/wp-json\/wp\/v2\/product_tag?post=19033"}],"curies":[{"name":"wp","href":"https:\/\/api.w.org\/{rel}","templated":true}]}}