{"id":18299,"date":"2025-07-18T09:25:03","date_gmt":"2025-07-18T07:25:03","guid":{"rendered":"https:\/\/www.loveandwander.nl\/?post_type=product&#038;p=18299"},"modified":"2026-03-03T20:37:44","modified_gmt":"2026-03-03T19:37:44","slug":"kleid-mare-grun","status":"publish","type":"product","link":"https:\/\/www.loveandwander.nl\/de\/produkt\/kleid-mare-grun\/","title":{"rendered":"Kleid Mare Gr\u00fcn"},"content":{"rendered":"","protected":false},"excerpt":{"rendered":"<pre id=\"tw-target-text\" class=\"tw-data-text tw-text-large tw-ta\" dir=\"ltr\" data-placeholder=\"Vertaling\" data-ved=\"2ahUKEwjtpuS0naaNAxUB9LsIHYQ_Mw0Q3ewLegQICRAV\" aria-label=\"Vertaalde tekst: Dieses wundersch\u00f6ne beige Kleid hat ein wundersch\u00f6nes Detail an der Taille, das ihm eine sch\u00f6n taillierte Passform verleiht und Ihre Silhouette auf nat\u00fcrliche Weise betont. Das Kleid eignet sich sowohl als Umstandskleid als auch f\u00fcr den Alltag und bietet daher viele Tragem\u00f6glichkeiten. Dank des passenden Slipdresses, das bis knapp \u00fcbers Knie reicht, kann das Kleid auch direkt getragen werden. Die Gr\u00f6\u00dfe ist Einheitsgr\u00f6\u00dfe und passt f\u00fcr die Gr\u00f6\u00dfen XS bis L. Ein zeitloses und feminines St\u00fcck, das Komfort und Stil m\u00fchelos vereint. _____ Die Frau auf dem Foto ist 1,60 gro\u00df und tr\u00e4gt Gr\u00f6\u00dfe XS\u00a0 Kleidermaterial: 95 % Polyester und 5 % Elasthan\"><span class=\"Y2IQFc\" lang=\"de\">Dieses wundersch\u00f6ne Kleid hat ein wundersch\u00f6nes Detail an der Taille, das ihm eine sch\u00f6n taillierte Passform verleiht und Ihre Silhouette auf nat\u00fcrliche Weise betont.\r\n\r\nDas Kleid eignet sich sowohl als Umstandskleid als auch f\u00fcr den Alltag und bietet daher viele Tragem\u00f6glichkeiten. Dank des passenden Slipdresses, \r\ndas bis knapp \u00fcbers Knie reicht, kann das Kleid auch direkt getragen werden.\r\n\r\nDie Gr\u00f6\u00dfe ist Einheitsgr\u00f6\u00dfe und passt f\u00fcr die Gr\u00f6\u00dfen XS bis L. Ein zeitloses und feminines St\u00fcck, das Komfort und Stil m\u00fchelos vereint.\r\n\r\n_____\r\n\r\nDie Frau auf dem Foto ist 1,60 gro\u00df und tr\u00e4gt Gr\u00f6\u00dfe XS\u00a0\r\n\r\nKleidermaterial: 95 % Polyester und 5 % Elasthan<\/span><\/pre>\n","protected":false},"featured_media":18309,"comment_status":"open","ping_status":"closed","template":"","meta":{"content-type":""},"product_brand":[],"product_cat":[209,390],"product_tag":[],"class_list":{"0":"post-18299","1":"product","2":"type-product","3":"status-publish","4":"has-post-thumbnail","6":"product_cat-kleider","7":"product_cat-umstandskleider","8":"pa_kleur-grun","10":"first","11":"onbackorder","12":"taxable","13":"shipping-taxable","14":"purchasable","15":"product-type-simple"},"aioseo_notices":[],"_links":{"self":[{"href":"https:\/\/www.loveandwander.nl\/de\/wp-json\/wp\/v2\/product\/18299","targetHints":{"allow":["GET"]}}],"collection":[{"href":"https:\/\/www.loveandwander.nl\/de\/wp-json\/wp\/v2\/product"}],"about":[{"href":"https:\/\/www.loveandwander.nl\/de\/wp-json\/wp\/v2\/types\/product"}],"replies":[{"embeddable":true,"href":"https:\/\/www.loveandwander.nl\/de\/wp-json\/wp\/v2\/comments?post=18299"}],"wp:featuredmedia":[{"embeddable":true,"href":"https:\/\/www.loveandwander.nl\/de\/wp-json\/wp\/v2\/media\/18309"}],"wp:attachment":[{"href":"https:\/\/www.loveandwander.nl\/de\/wp-json\/wp\/v2\/media?parent=18299"}],"wp:term":[{"taxonomy":"product_brand","embeddable":true,"href":"https:\/\/www.loveandwander.nl\/de\/wp-json\/wp\/v2\/product_brand?post=18299"},{"taxonomy":"product_cat","embeddable":true,"href":"https:\/\/www.loveandwander.nl\/de\/wp-json\/wp\/v2\/product_cat?post=18299"},{"taxonomy":"product_tag","embeddable":true,"href":"https:\/\/www.loveandwander.nl\/de\/wp-json\/wp\/v2\/product_tag?post=18299"}],"curies":[{"name":"wp","href":"https:\/\/api.w.org\/{rel}","templated":true}]}}