{"id":17738,"date":"2025-05-23T22:02:20","date_gmt":"2025-05-23T20:02:20","guid":{"rendered":"https:\/\/www.loveandwander.nl\/?post_type=product&#038;p=17738"},"modified":"2025-12-03T00:29:16","modified_gmt":"2025-12-02T23:29:16","slug":"kleid-cleo-grun-kopie-kopie-kopie-kopie-kopie-kopie-kopie","status":"publish","type":"product","link":"https:\/\/www.loveandwander.nl\/de\/produkt\/kleid-cleo-grun-kopie-kopie-kopie-kopie-kopie-kopie-kopie\/","title":{"rendered":"Hosenanzug Nika Schwarz"},"content":{"rendered":"","protected":false},"excerpt":{"rendered":"<pre id=\"tw-target-text\" class=\"tw-data-text tw-text-large tw-ta\" dir=\"ltr\" data-placeholder=\"Vertaling\" data-ved=\"2ahUKEwjOzvXEsrqNAxWShv0HHWcbBZ0Q3ewLegQICRAV\" aria-label=\"Vertaalde tekst: Dieser bequeme Zweiteiler ist ein echtes Lieblingsst\u00fcck! Der weiche Stoff und die sch\u00f6ne Passform sorgen daf\u00fcr, dass das Set angenehm zu tragen ist, egal ob Sie unterwegs sind oder einfach Ihren Tag zu Hause genie\u00dfen.\r\nDas Oberteil hat einen stylischen, asymmetrischen Abschluss an Schultern und Brust, der einen verspielten und eleganten Effekt erzeugt. Dieses Set k\u00f6nnen Sie auch w\u00e4hrend einer (beginnenden) Schwangerschaft tragen. Bitte beachten Sie, dass das Oberteil mit zunehmendem Bauchumfang etwas k\u00fcrzer werden kann und die Optik somit von Ihrem K\u00f6rper abh\u00e4ngt.\r\nDas Set ist in verschiedenen Gr\u00f6\u00dfen erh\u00e4ltlich und eignet sich ideal f\u00fcr die Freizeit, l\u00e4sst sich aber auch sehr gut f\u00fcr einen formelleren Look stylen.\r\nEine Kombination aus Komfort und Stil. Sie werden dieses Set nicht mehr ausziehen wollen!\r\nDie Frau auf dem Foto ist 1,60 gro\u00df und tr\u00e4gt Gr\u00f6\u00dfe XS \r\n\r\nAnzugmaterial: 95 % Polyester, 5 % Elasthan\"><span class=\"Y2IQFc\" lang=\"de\">Dieser bequeme Zweiteiler ist ein echtes Lieblingsst\u00fcck! Der weiche Stoff und die sch\u00f6ne Passform sorgen daf\u00fcr, dass das Set angenehm zu tragen ist, egal ob Sie unterwegs sind oder einfach Ihren Tag zu Hause genie\u00dfen.\r\nDas Oberteil hat einen stylischen, asymmetrischen Abschluss an Schultern und Brust, der einen verspielten und eleganten Effekt erzeugt. Dieses Set k\u00f6nnen Sie auch w\u00e4hrend einer (beginnenden) Schwangerschaft tragen. Bitte beachten Sie, dass das Oberteil mit zunehmendem Bauchumfang etwas k\u00fcrzer werden kann und die Optik somit von Ihrem K\u00f6rper abh\u00e4ngt.\r\nDas Set ist in verschiedenen Gr\u00f6\u00dfen erh\u00e4ltlich und eignet sich ideal f\u00fcr die Freizeit, l\u00e4sst sich aber auch sehr gut f\u00fcr einen formelleren Look stylen.\r\nEine Kombination aus Komfort und Stil. Sie werden dieses Set nicht mehr ausziehen wollen!\r\n\r\n_______\r\nDie Frau auf dem Foto ist 1,60 gro\u00df und tr\u00e4gt Gr\u00f6\u00dfe XS \r\n\r\nAnzugmaterial: 95 % Polyester, 5 % Elasthan<\/span><\/pre>\n<pre id=\"tw-target-text\" class=\"tw-data-text tw-text-large tw-ta\" dir=\"ltr\" data-placeholder=\"Vertaling\" data-ved=\"2ahUKEwjtpuS0naaNAxUB9LsIHYQ_Mw0Q3ewLegQICRAV\" aria-label=\"Vertaalde tekst: Dieses wundersch\u00f6ne Kleid reicht bis etwa zum Knie und hat eine sch\u00f6ne Passform, die sich wunderbar Ihrer Figur anpasst. Das Unterkleid sorgt f\u00fcr zus\u00e4tzlichen Tragekomfort und verhindert, dass der Stoff durchscheint. Mit dem passenden G\u00fcrtel k\u00f6nnen Sie Ihre Taille sch\u00f6n betonen.\u00a0 Das Kleid ist sowohl f\u00fcr Schwangere als auch f\u00fcr Nichtschwangere geeignet und somit in jeder Phase vielseitig und bequem. Die Gr\u00f6\u00dfe ist Einheitsgr\u00f6\u00dfe und kann von Gr\u00f6\u00dfe XS bis L getragen werden. Perfekt f\u00fcr einen Sommertag, ein Fotoshooting oder einen lustigen Anlass. _________ Die Frau auf dem Foto ist 1,60 gro\u00df und tr\u00e4gt Gr\u00f6\u00dfe XS Material Kleid: 96% Viskose 5% Elasthan\"><span class=\"Y2IQFc\" lang=\"de\">\u00a0<\/span><\/pre>\n","protected":false},"featured_media":17676,"comment_status":"open","ping_status":"closed","template":"","meta":{"content-type":""},"product_brand":[],"product_cat":[520],"product_tag":[],"class_list":{"0":"post-17738","1":"product","2":"type-product","3":"status-publish","4":"has-post-thumbnail","6":"product_cat-hosenanzug","7":"pa_kleur-schwarz","9":"first","10":"instock","11":"taxable","12":"shipping-taxable","13":"purchasable","14":"product-type-simple"},"aioseo_notices":[],"_links":{"self":[{"href":"https:\/\/www.loveandwander.nl\/de\/wp-json\/wp\/v2\/product\/17738","targetHints":{"allow":["GET"]}}],"collection":[{"href":"https:\/\/www.loveandwander.nl\/de\/wp-json\/wp\/v2\/product"}],"about":[{"href":"https:\/\/www.loveandwander.nl\/de\/wp-json\/wp\/v2\/types\/product"}],"replies":[{"embeddable":true,"href":"https:\/\/www.loveandwander.nl\/de\/wp-json\/wp\/v2\/comments?post=17738"}],"wp:featuredmedia":[{"embeddable":true,"href":"https:\/\/www.loveandwander.nl\/de\/wp-json\/wp\/v2\/media\/17676"}],"wp:attachment":[{"href":"https:\/\/www.loveandwander.nl\/de\/wp-json\/wp\/v2\/media?parent=17738"}],"wp:term":[{"taxonomy":"product_brand","embeddable":true,"href":"https:\/\/www.loveandwander.nl\/de\/wp-json\/wp\/v2\/product_brand?post=17738"},{"taxonomy":"product_cat","embeddable":true,"href":"https:\/\/www.loveandwander.nl\/de\/wp-json\/wp\/v2\/product_cat?post=17738"},{"taxonomy":"product_tag","embeddable":true,"href":"https:\/\/www.loveandwander.nl\/de\/wp-json\/wp\/v2\/product_tag?post=17738"}],"curies":[{"name":"wp","href":"https:\/\/api.w.org\/{rel}","templated":true}]}}