{"id":17735,"date":"2025-05-23T21:57:10","date_gmt":"2025-05-23T19:57:10","guid":{"rendered":"https:\/\/www.loveandwander.nl\/?post_type=product&#038;p=17735"},"modified":"2025-12-03T00:29:33","modified_gmt":"2025-12-02T23:29:33","slug":"hosenanzug-nika-beige","status":"publish","type":"product","link":"https:\/\/www.loveandwander.nl\/de\/produkt\/hosenanzug-nika-beige\/","title":{"rendered":"Hosenanzug Nika Beige"},"content":{"rendered":"","protected":false},"excerpt":{"rendered":"<pre id=\"tw-target-text\" class=\"tw-data-text tw-text-large tw-ta\" dir=\"ltr\" data-placeholder=\"Vertaling\" data-ved=\"2ahUKEwjOzvXEsrqNAxWShv0HHWcbBZ0Q3ewLegQICRAV\" aria-label=\"Vertaalde tekst: Dieser bequeme Zweiteiler ist ein echtes Lieblingsst\u00fcck! Der weiche Stoff und die sch\u00f6ne Passform sorgen daf\u00fcr, dass das Set angenehm zu tragen ist, egal ob Sie unterwegs sind oder einfach Ihren Tag zu Hause genie\u00dfen.\r\nDas Oberteil hat einen stylischen, asymmetrischen Abschluss an Schultern und Brust, der einen verspielten und eleganten Effekt erzeugt. Dieses Set k\u00f6nnen Sie auch w\u00e4hrend einer (beginnenden) Schwangerschaft tragen. Bitte beachten Sie, dass das Oberteil mit zunehmendem Bauchumfang etwas k\u00fcrzer werden kann und die Optik somit von Ihrem K\u00f6rper abh\u00e4ngt.\r\nDas Set ist in verschiedenen Gr\u00f6\u00dfen erh\u00e4ltlich und eignet sich ideal f\u00fcr die Freizeit, l\u00e4sst sich aber auch sehr gut f\u00fcr einen formelleren Look stylen.\r\nEine Kombination aus Komfort und Stil. Sie werden dieses Set nicht mehr ausziehen wollen!\r\nDie Frau auf dem Foto ist 1,60 gro\u00df und tr\u00e4gt Gr\u00f6\u00dfe XS \r\n\r\nAnzugmaterial: 95 % Polyester, 5 % Elasthan\"><span class=\"Y2IQFc\" lang=\"de\">Dieser bequeme Zweiteiler ist ein echtes Lieblingsst\u00fcck! Der weiche Stoff und die sch\u00f6ne Passform sorgen daf\u00fcr, dass das Set angenehm zu tragen ist, egal ob Sie unterwegs sind oder einfach Ihren Tag zu Hause genie\u00dfen.\r\nDas Oberteil hat einen stylischen, asymmetrischen Abschluss an Schultern und Brust, der einen verspielten und eleganten Effekt erzeugt. Dieses Set k\u00f6nnen Sie auch w\u00e4hrend einer (beginnenden) Schwangerschaft tragen. Bitte beachten Sie, dass das Oberteil mit zunehmendem Bauchumfang etwas k\u00fcrzer werden kann und die Optik somit von Ihrem K\u00f6rper abh\u00e4ngt.\r\nDas Set ist in verschiedenen Gr\u00f6\u00dfen erh\u00e4ltlich und eignet sich ideal f\u00fcr die Freizeit, l\u00e4sst sich aber auch sehr gut f\u00fcr einen formelleren Look stylen.\r\nEine Kombination aus Komfort und Stil. Sie werden dieses Set nicht mehr ausziehen wollen!\r\n\r\n________\r\nDie Frau auf dem Foto ist 1,60 gro\u00df und tr\u00e4gt Gr\u00f6\u00dfe XS \r\n\r\nAnzugmaterial: 95 % Polyester, 5 % Elasthan<\/span><\/pre>\n","protected":false},"featured_media":17674,"comment_status":"open","ping_status":"closed","template":"","meta":{"content-type":""},"product_brand":[],"product_cat":[520],"product_tag":[],"class_list":{"0":"post-17735","1":"product","2":"type-product","3":"status-publish","4":"has-post-thumbnail","6":"product_cat-hosenanzug","7":"pa_kleur-beige-de","8":"pa_kleur-creme-de","10":"first","11":"instock","12":"taxable","13":"shipping-taxable","14":"purchasable","15":"product-type-variable"},"aioseo_notices":[],"_links":{"self":[{"href":"https:\/\/www.loveandwander.nl\/de\/wp-json\/wp\/v2\/product\/17735","targetHints":{"allow":["GET"]}}],"collection":[{"href":"https:\/\/www.loveandwander.nl\/de\/wp-json\/wp\/v2\/product"}],"about":[{"href":"https:\/\/www.loveandwander.nl\/de\/wp-json\/wp\/v2\/types\/product"}],"replies":[{"embeddable":true,"href":"https:\/\/www.loveandwander.nl\/de\/wp-json\/wp\/v2\/comments?post=17735"}],"wp:featuredmedia":[{"embeddable":true,"href":"https:\/\/www.loveandwander.nl\/de\/wp-json\/wp\/v2\/media\/17674"}],"wp:attachment":[{"href":"https:\/\/www.loveandwander.nl\/de\/wp-json\/wp\/v2\/media?parent=17735"}],"wp:term":[{"taxonomy":"product_brand","embeddable":true,"href":"https:\/\/www.loveandwander.nl\/de\/wp-json\/wp\/v2\/product_brand?post=17735"},{"taxonomy":"product_cat","embeddable":true,"href":"https:\/\/www.loveandwander.nl\/de\/wp-json\/wp\/v2\/product_cat?post=17735"},{"taxonomy":"product_tag","embeddable":true,"href":"https:\/\/www.loveandwander.nl\/de\/wp-json\/wp\/v2\/product_tag?post=17735"}],"curies":[{"name":"wp","href":"https:\/\/api.w.org\/{rel}","templated":true}]}}