{"id":17720,"date":"2025-05-23T21:41:53","date_gmt":"2025-05-23T19:41:53","guid":{"rendered":"https:\/\/www.loveandwander.nl\/?post_type=product&#038;p=17720"},"modified":"2025-12-03T00:29:21","modified_gmt":"2025-12-02T23:29:21","slug":"spitze-ella-beige","status":"publish","type":"product","link":"https:\/\/www.loveandwander.nl\/de\/produkt\/spitze-ella-beige\/","title":{"rendered":"Spitze Ella Beige"},"content":{"rendered":"","protected":false},"excerpt":{"rendered":"<pre id=\"tw-target-text\" class=\"tw-data-text tw-text-large tw-ta\" dir=\"ltr\" data-placeholder=\"Vertaling\" data-ved=\"2ahUKEwjOzvXEsrqNAxWShv0HHWcbBZ0Q3ewLegQICRAV\" aria-label=\"Vertaalde tekst: Sehr sch\u00f6nes Top mit sch\u00f6nen \u00c4rmeln. Tragen Sie es ordentlich zur Hose oder kombinieren Sie es mit einer coolen Jeans. Die Passform ist sehr sch\u00f6n und die Farbe ist beige. Es ist in zwei Gr\u00f6\u00dfen erh\u00e4ltlich. Gr\u00f6\u00dfe S\/M und M\/L. \r\n\r\nDie Frau auf dem Foto ist 1,60 gro\u00df und tr\u00e4gt Gr\u00f6\u00dfe XS \r\n\r\nObermaterial: 30 % Viskose, 30 % Polyester\"><span class=\"Y2IQFc\" lang=\"de\">Sehr sch\u00f6nes Top mit sch\u00f6nen \u00c4rmeln. Tragen Sie es ordentlich zur Hose oder kombinieren Sie es mit einer coolen Jeans. Die \r\nPassform ist sehr sch\u00f6n und die Farbe ist beige. Es ist in zwei Gr\u00f6\u00dfen erh\u00e4ltlich. Gr\u00f6\u00dfe S\/M und M\/L. \r\n\r\n_______\r\nDie Frau auf dem Foto ist 1,60 gro\u00df und tr\u00e4gt Gr\u00f6\u00dfe XS \r\n\r\nObermaterial: 30 % Viskose, 30 % Polyester<\/span><\/pre>\n","protected":false},"featured_media":17693,"comment_status":"open","ping_status":"closed","template":"","meta":{"content-type":""},"product_brand":[],"product_cat":[520,214],"product_tag":[],"class_list":{"0":"post-17720","1":"product","2":"type-product","3":"status-publish","4":"has-post-thumbnail","6":"product_cat-hosenanzug","7":"product_cat-westen-pullover-de","8":"pa_kleur-beige-de","9":"pa_kleur-creme-de","11":"first","12":"instock","13":"taxable","14":"shipping-taxable","15":"purchasable","16":"product-type-simple"},"aioseo_notices":[],"_links":{"self":[{"href":"https:\/\/www.loveandwander.nl\/de\/wp-json\/wp\/v2\/product\/17720","targetHints":{"allow":["GET"]}}],"collection":[{"href":"https:\/\/www.loveandwander.nl\/de\/wp-json\/wp\/v2\/product"}],"about":[{"href":"https:\/\/www.loveandwander.nl\/de\/wp-json\/wp\/v2\/types\/product"}],"replies":[{"embeddable":true,"href":"https:\/\/www.loveandwander.nl\/de\/wp-json\/wp\/v2\/comments?post=17720"}],"wp:featuredmedia":[{"embeddable":true,"href":"https:\/\/www.loveandwander.nl\/de\/wp-json\/wp\/v2\/media\/17693"}],"wp:attachment":[{"href":"https:\/\/www.loveandwander.nl\/de\/wp-json\/wp\/v2\/media?parent=17720"}],"wp:term":[{"taxonomy":"product_brand","embeddable":true,"href":"https:\/\/www.loveandwander.nl\/de\/wp-json\/wp\/v2\/product_brand?post=17720"},{"taxonomy":"product_cat","embeddable":true,"href":"https:\/\/www.loveandwander.nl\/de\/wp-json\/wp\/v2\/product_cat?post=17720"},{"taxonomy":"product_tag","embeddable":true,"href":"https:\/\/www.loveandwander.nl\/de\/wp-json\/wp\/v2\/product_tag?post=17720"}],"curies":[{"name":"wp","href":"https:\/\/api.w.org\/{rel}","templated":true}]}}