{"id":17718,"date":"2025-05-23T21:39:05","date_gmt":"2025-05-23T19:39:05","guid":{"rendered":"https:\/\/www.loveandwander.nl\/?post_type=product&#038;p=17718"},"modified":"2025-05-23T22:23:52","modified_gmt":"2025-05-23T20:23:52","slug":"hosenanzug-lina-beige","status":"publish","type":"product","link":"https:\/\/www.loveandwander.nl\/de\/produkt\/hosenanzug-lina-beige\/","title":{"rendered":"Hosenanzug Lina Beige"},"content":{"rendered":"","protected":false},"excerpt":{"rendered":"<pre id=\"tw-target-text\" class=\"tw-data-text tw-text-large tw-ta\" dir=\"ltr\" data-placeholder=\"Vertaling\" data-ved=\"2ahUKEwjOzvXEsrqNAxWShv0HHWcbBZ0Q3ewLegQICRAV\" aria-label=\"Vertaalde tekst: Dies ist ein Set, das Sie jeden Tag tragen m\u00f6chten. Der Stoff ist aus einem weichen, angenehmen Stoff gefertigt und hat einen sch\u00f6nen Beigeton. Er f\u00fchlt sich nicht nur wunderbar an, sondern sieht auch super sch\u00f6n aus.\r\nDas etwas k\u00fcrzere Oberteil verleiht dem Set eine verspielte Note und rundet den Look ab. Tragen Sie es mit Turnschuhen f\u00fcr einen sportlichen Look oder mit Flip-Flops oder Sandalen f\u00fcr einen entspannten, sommerlichen Stil.\r\nDie Gr\u00f6\u00dfe ist Einheitsgr\u00f6\u00dfe und passt f\u00fcr die Gr\u00f6\u00dfen XS bis M. Eine perfekte Kombination aus Komfort und Stil f\u00fcr jeden Tag!\r\nDie Frau auf dem Foto ist 1,60 gro\u00df und tr\u00e4gt Gr\u00f6\u00dfe XS\r\nMaterial des Anzugs ist: 52% Polyester 40% Viskose 8% Elasthan\"><span class=\"Y2IQFc\" lang=\"de\">Dies ist ein Set, das Sie jeden Tag tragen m\u00f6chten. Der Stoff ist aus einem weichen, angenehmen Stoff gefertigt und hat einen sch\u00f6nen Beigeton. Er f\u00fchlt sich nicht nur wunderbar an, sondern sieht auch super sch\u00f6n aus.\r\nDas etwas k\u00fcrzere Oberteil verleiht dem Set eine verspielte Note und rundet den Look ab. Tragen Sie es mit Turnschuhen f\u00fcr einen sportlichen Look oder mit Flip-Flops oder Sandalen f\u00fcr einen entspannten, sommerlichen Stil.\r\nDie Gr\u00f6\u00dfe ist Einheitsgr\u00f6\u00dfe und passt f\u00fcr die Gr\u00f6\u00dfen XS bis M. Eine perfekte Kombination aus Komfort und Stil f\u00fcr jeden Tag!\r\n\r\n______\r\nDie Frau auf dem Foto ist 1,60 gro\u00df und tr\u00e4gt Gr\u00f6\u00dfe XS\r\nMaterial des Anzugs ist: 52% Polyester 40% Viskose 8% Elasthan<\/span><\/pre>\n","protected":false},"featured_media":17709,"comment_status":"open","ping_status":"closed","template":"","meta":{"content-type":""},"product_brand":[],"product_cat":[520],"product_tag":[],"class_list":{"0":"post-17718","1":"product","2":"type-product","3":"status-publish","4":"has-post-thumbnail","6":"product_cat-hosenanzug","7":"pa_kleur-beige-de","8":"pa_kleur-creme-de","10":"first","11":"instock","12":"taxable","13":"shipping-taxable","14":"purchasable","15":"product-type-simple"},"aioseo_notices":[],"_links":{"self":[{"href":"https:\/\/www.loveandwander.nl\/de\/wp-json\/wp\/v2\/product\/17718","targetHints":{"allow":["GET"]}}],"collection":[{"href":"https:\/\/www.loveandwander.nl\/de\/wp-json\/wp\/v2\/product"}],"about":[{"href":"https:\/\/www.loveandwander.nl\/de\/wp-json\/wp\/v2\/types\/product"}],"replies":[{"embeddable":true,"href":"https:\/\/www.loveandwander.nl\/de\/wp-json\/wp\/v2\/comments?post=17718"}],"wp:featuredmedia":[{"embeddable":true,"href":"https:\/\/www.loveandwander.nl\/de\/wp-json\/wp\/v2\/media\/17709"}],"wp:attachment":[{"href":"https:\/\/www.loveandwander.nl\/de\/wp-json\/wp\/v2\/media?parent=17718"}],"wp:term":[{"taxonomy":"product_brand","embeddable":true,"href":"https:\/\/www.loveandwander.nl\/de\/wp-json\/wp\/v2\/product_brand?post=17718"},{"taxonomy":"product_cat","embeddable":true,"href":"https:\/\/www.loveandwander.nl\/de\/wp-json\/wp\/v2\/product_cat?post=17718"},{"taxonomy":"product_tag","embeddable":true,"href":"https:\/\/www.loveandwander.nl\/de\/wp-json\/wp\/v2\/product_tag?post=17718"}],"curies":[{"name":"wp","href":"https:\/\/api.w.org\/{rel}","templated":true}]}}