{"id":17661,"date":"2025-05-23T18:11:55","date_gmt":"2025-05-23T16:11:55","guid":{"rendered":"https:\/\/www.loveandwander.nl\/?post_type=product&#038;p=17661"},"modified":"2025-05-23T22:26:12","modified_gmt":"2025-05-23T20:26:12","slug":"hosenanzug-lune-grau","status":"publish","type":"product","link":"https:\/\/www.loveandwander.nl\/de\/produkt\/hosenanzug-lune-grau\/","title":{"rendered":"Hosenanzug Lune Grau"},"content":{"rendered":"","protected":false},"excerpt":{"rendered":"<pre id=\"tw-target-text\" class=\"tw-data-text tw-text-large tw-ta\" dir=\"ltr\" data-placeholder=\"Vertaling\" data-ved=\"2ahUKEwjOzvXEsrqNAxWShv0HHWcbBZ0Q3ewLegQICRAV\" aria-label=\"Vertaalde tekst: Dieser wundersch\u00f6ne Hosenanzug mit Westenoberteil ist ein echter Hingucker. Das stilvolle Design macht den Anzug perfekt f\u00fcr formelle und legere Anl\u00e4sse. Tragen Sie es mit Abs\u00e4tzen oder Turnschuhen f\u00fcr einen entspannteren Look, beides verleiht dem Anzug einen einzigartigen Look.\r\nZudem ist es wunderbar bequem, was f\u00fcr ein besonders angenehmes Tragegef\u00fchl sorgt. Die Gr\u00f6\u00dfe ist Einheitsgr\u00f6\u00dfe und passt f\u00fcr die Gr\u00f6\u00dfen S bis M. Wenn Sie Gr\u00f6\u00dfe XS tragen, ist der Anzug leicht oversized, was einen verspielten und modischen Effekt erzeugt.\r\nDie Frau auf dem Foto ist 1,60 gro\u00df und tr\u00e4gt Gr\u00f6\u00dfe XS \r\n\r\nAnzugmaterial: 100 % Polyester\"><span class=\"Y2IQFc\" lang=\"de\">Dieser wundersch\u00f6ne Hosenanzug mit Westenoberteil ist ein echter Hingucker. Das stilvolle Design macht den Anzug perfekt f\u00fcr \r\nformelle und legere Anl\u00e4sse. Tragen Sie es mit Abs\u00e4tzen oder Turnschuhen f\u00fcr einen entspannteren Look, beides verleiht dem Anzug \r\neinen einzigartigen Look.\r\nZudem ist es wunderbar bequem, was f\u00fcr ein besonders angenehmes Tragegef\u00fchl sorgt. Die Gr\u00f6\u00dfe ist Einheitsgr\u00f6\u00dfe und passt f\u00fcr die \r\nGr\u00f6\u00dfen S bis M. Wenn Sie Gr\u00f6\u00dfe XS tragen, ist der Anzug leicht oversized, was einen verspielten und modischen Effekt erzeugt.\r\n\r\n______\r\nDie Frau auf dem Foto ist 1,60 gro\u00df und tr\u00e4gt Gr\u00f6\u00dfe XS \r\n\r\nAnzugmaterial: 100 % Polyester<\/span><\/pre>\n","protected":false},"featured_media":17643,"comment_status":"open","ping_status":"closed","template":"","meta":{"content-type":""},"product_brand":[],"product_cat":[520],"product_tag":[],"class_list":{"0":"post-17661","1":"product","2":"type-product","3":"status-publish","4":"has-post-thumbnail","6":"product_cat-hosenanzug","7":"pa_kleur-taupe-de","9":"first","10":"instock","11":"taxable","12":"shipping-taxable","13":"purchasable","14":"product-type-simple"},"aioseo_notices":[],"_links":{"self":[{"href":"https:\/\/www.loveandwander.nl\/de\/wp-json\/wp\/v2\/product\/17661","targetHints":{"allow":["GET"]}}],"collection":[{"href":"https:\/\/www.loveandwander.nl\/de\/wp-json\/wp\/v2\/product"}],"about":[{"href":"https:\/\/www.loveandwander.nl\/de\/wp-json\/wp\/v2\/types\/product"}],"replies":[{"embeddable":true,"href":"https:\/\/www.loveandwander.nl\/de\/wp-json\/wp\/v2\/comments?post=17661"}],"wp:featuredmedia":[{"embeddable":true,"href":"https:\/\/www.loveandwander.nl\/de\/wp-json\/wp\/v2\/media\/17643"}],"wp:attachment":[{"href":"https:\/\/www.loveandwander.nl\/de\/wp-json\/wp\/v2\/media?parent=17661"}],"wp:term":[{"taxonomy":"product_brand","embeddable":true,"href":"https:\/\/www.loveandwander.nl\/de\/wp-json\/wp\/v2\/product_brand?post=17661"},{"taxonomy":"product_cat","embeddable":true,"href":"https:\/\/www.loveandwander.nl\/de\/wp-json\/wp\/v2\/product_cat?post=17661"},{"taxonomy":"product_tag","embeddable":true,"href":"https:\/\/www.loveandwander.nl\/de\/wp-json\/wp\/v2\/product_tag?post=17661"}],"curies":[{"name":"wp","href":"https:\/\/api.w.org\/{rel}","templated":true}]}}