{"id":17658,"date":"2025-05-23T18:09:08","date_gmt":"2025-05-23T16:09:08","guid":{"rendered":"https:\/\/www.loveandwander.nl\/?post_type=product&#038;p=17658"},"modified":"2025-05-23T22:28:05","modified_gmt":"2025-05-23T20:28:05","slug":"hosenanzug-zoe-beige","status":"publish","type":"product","link":"https:\/\/www.loveandwander.nl\/de\/produkt\/hosenanzug-zoe-beige\/","title":{"rendered":"Hosenanzug Zoe Beige"},"content":{"rendered":"","protected":false},"excerpt":{"rendered":"<pre id=\"tw-target-text\" class=\"tw-data-text tw-text-large tw-ta\" dir=\"ltr\" data-placeholder=\"Vertaling\" data-ved=\"2ahUKEwjOzvXEsrqNAxWShv0HHWcbBZ0Q3ewLegQICRAV\" aria-label=\"Vertaalde tekst: Dieser sch\u00f6ne Anzug besteht aus einer sch\u00f6nen Weste und einer passenden Hose in Beige. Die Passform ist sehr sch\u00f6n und sorgt f\u00fcr ein gepflegtes Aussehen. Die Weste ist mit besonders sch\u00f6nen Kn\u00f6pfen versehen. Die Hose verf\u00fcgt hinten \u00fcber einen elastischen Bund, der f\u00fcr zus\u00e4tzlichen Tragekomfort sorgt, ideal f\u00fcr lange Tage oder Gesch\u00e4ftstermine.\r\nPerfekt f\u00fcr formelle Anl\u00e4sse, ein wichtiges Meeting oder als stylischer Alltagslook.\r\nDie Gr\u00f6\u00dfe ist Einheitsgr\u00f6\u00dfe und passt f\u00fcr Gr\u00f6\u00dfe S und M. Tragen Sie Gr\u00f6\u00dfe XS? Der Anzug f\u00e4llt dann etwas lockerer, wodurch ein trendiger Oversize-Effekt entsteht.\r\n\r\nAnzugmaterial: 95 % Polyester, 5 % Elasthan\"><span class=\"Y2IQFc\" lang=\"de\">Dieser sch\u00f6ne Anzug besteht aus einer sch\u00f6nen Weste und einer passenden Hose in Beige. Die Passform ist sehr sch\u00f6n und sorgt f\u00fcr \r\nein gepflegtes Aussehen. Die Weste ist mit besonders sch\u00f6nen Kn\u00f6pfen versehen. Die Hose verf\u00fcgt hinten \u00fcber einen elastischen Bund, \r\nder f\u00fcr zus\u00e4tzlichen Tragekomfort sorgt, ideal f\u00fcr lange Tage oder Gesch\u00e4ftstermine.\r\nPerfekt f\u00fcr formelle Anl\u00e4sse, ein wichtiges Meeting oder als stylischer Alltagslook.\r\nDie Gr\u00f6\u00dfe ist Einheitsgr\u00f6\u00dfe und passt f\u00fcr Gr\u00f6\u00dfe S und M. Tragen Sie Gr\u00f6\u00dfe XS? Der Anzug f\u00e4llt dann etwas lockerer, wodurch ein \r\ntrendiger Oversize-Effekt entsteht.\r\n\r\n________\r\n\r\nAnzugmaterial: 95 % Polyester, 5 % Elasthan<\/span><\/pre>\n","protected":false},"featured_media":17623,"comment_status":"open","ping_status":"closed","template":"","meta":{"content-type":""},"product_brand":[],"product_cat":[520],"product_tag":[],"class_list":{"0":"post-17658","1":"product","2":"type-product","3":"status-publish","4":"has-post-thumbnail","6":"product_cat-hosenanzug","7":"pa_kleur-rosa","9":"first","10":"instock","11":"taxable","12":"shipping-taxable","13":"purchasable","14":"product-type-simple"},"aioseo_notices":[],"_links":{"self":[{"href":"https:\/\/www.loveandwander.nl\/de\/wp-json\/wp\/v2\/product\/17658","targetHints":{"allow":["GET"]}}],"collection":[{"href":"https:\/\/www.loveandwander.nl\/de\/wp-json\/wp\/v2\/product"}],"about":[{"href":"https:\/\/www.loveandwander.nl\/de\/wp-json\/wp\/v2\/types\/product"}],"replies":[{"embeddable":true,"href":"https:\/\/www.loveandwander.nl\/de\/wp-json\/wp\/v2\/comments?post=17658"}],"wp:featuredmedia":[{"embeddable":true,"href":"https:\/\/www.loveandwander.nl\/de\/wp-json\/wp\/v2\/media\/17623"}],"wp:attachment":[{"href":"https:\/\/www.loveandwander.nl\/de\/wp-json\/wp\/v2\/media?parent=17658"}],"wp:term":[{"taxonomy":"product_brand","embeddable":true,"href":"https:\/\/www.loveandwander.nl\/de\/wp-json\/wp\/v2\/product_brand?post=17658"},{"taxonomy":"product_cat","embeddable":true,"href":"https:\/\/www.loveandwander.nl\/de\/wp-json\/wp\/v2\/product_cat?post=17658"},{"taxonomy":"product_tag","embeddable":true,"href":"https:\/\/www.loveandwander.nl\/de\/wp-json\/wp\/v2\/product_tag?post=17658"}],"curies":[{"name":"wp","href":"https:\/\/api.w.org\/{rel}","templated":true}]}}