{"id":17655,"date":"2025-05-23T18:04:03","date_gmt":"2025-05-23T16:04:03","guid":{"rendered":"https:\/\/www.loveandwander.nl\/?post_type=product&#038;p=17655"},"modified":"2025-05-23T22:30:37","modified_gmt":"2025-05-23T20:30:37","slug":"hosenanzug-loa-rosa","status":"publish","type":"product","link":"https:\/\/www.loveandwander.nl\/de\/produkt\/hosenanzug-loa-rosa\/","title":{"rendered":"Hosenanzug Loa Rosa"},"content":{"rendered":"","protected":false},"excerpt":{"rendered":"<pre id=\"tw-target-text\" class=\"tw-data-text tw-text-large tw-ta\" dir=\"ltr\" data-placeholder=\"Vertaling\" data-ved=\"2ahUKEwjOzvXEsrqNAxWShv0HHWcbBZ0Q3ewLegQICRAV\" aria-label=\"Vertaalde tekst: Dieser wundersch\u00f6ne hellrosa Anzug strahlt Eleganz und Stil aus. Es besteht aus einer schmeichelnden Weste und einer passenden Hose in einem weichen, femininen Farbton. Die Passform ist sch\u00f6n tailliert und erh\u00e4lt durch den dezenten Gummizug auf der R\u00fcckseite der Hose das gewisse Extra \u2013 f\u00fcr zus\u00e4tzlichen Komfort und eine perfekte Passform.\r\nEin ideales Outfit f\u00fcr einen formellen Anlass, einen Tag im B\u00fcro oder einfach als modischer Hingucker.\r\nEinheitsgr\u00f6\u00dfe \u2013 passend f\u00fcr die Gr\u00f6\u00dfen S und M. Tragen Sie Gr\u00f6\u00dfe XS? Dann f\u00e4llt der Anzug etwas lockerer und sorgt f\u00fcr einen verspielten Oversize-Look.\r\n\r\nDie Frau auf dem Foto ist 1,60 gro\u00df und tr\u00e4gt Gr\u00f6\u00dfe XS\r\nAnzugmaterial: 95 % Polyester, 5 % Elasthan\"><span class=\"Y2IQFc\" lang=\"de\">Dieser wundersch\u00f6ne hellrosa Anzug strahlt Eleganz und Stil aus. Es besteht aus einer schmeichelnden Weste und einer passenden \r\nHose in einem weichen, femininen Farbton. Die Passform ist sch\u00f6n tailliert und erh\u00e4lt durch den dezenten Gummizug auf der \r\nR\u00fcckseite der Hose das gewisse Extra \u2013 f\u00fcr zus\u00e4tzlichen Komfort und eine perfekte Passform.\r\nEin ideales Outfit f\u00fcr einen formellen Anlass, einen Tag im B\u00fcro oder einfach als modischer Hingucker.\r\nEinheitsgr\u00f6\u00dfe \u2013 passend f\u00fcr die Gr\u00f6\u00dfen S und M. Tragen Sie Gr\u00f6\u00dfe XS? Dann f\u00e4llt der Anzug etwas lockerer und sorgt f\u00fcr einen \r\nverspielten Oversize-Look.\r\n\r\n_______\r\n\r\nDie Frau auf dem Foto ist 1,60 gro\u00df und tr\u00e4gt Gr\u00f6\u00dfe XS\r\nAnzugmaterial: 95 % Polyester, 5 % Elasthan<\/span><\/pre>\n","protected":false},"featured_media":17631,"comment_status":"open","ping_status":"closed","template":"","meta":{"content-type":""},"product_brand":[],"product_cat":[520],"product_tag":[],"class_list":{"0":"post-17655","1":"product","2":"type-product","3":"status-publish","4":"has-post-thumbnail","6":"product_cat-hosenanzug","7":"pa_kleur-rosa","9":"first","10":"instock","11":"taxable","12":"shipping-taxable","13":"purchasable","14":"product-type-simple"},"aioseo_notices":[],"_links":{"self":[{"href":"https:\/\/www.loveandwander.nl\/de\/wp-json\/wp\/v2\/product\/17655","targetHints":{"allow":["GET"]}}],"collection":[{"href":"https:\/\/www.loveandwander.nl\/de\/wp-json\/wp\/v2\/product"}],"about":[{"href":"https:\/\/www.loveandwander.nl\/de\/wp-json\/wp\/v2\/types\/product"}],"replies":[{"embeddable":true,"href":"https:\/\/www.loveandwander.nl\/de\/wp-json\/wp\/v2\/comments?post=17655"}],"wp:featuredmedia":[{"embeddable":true,"href":"https:\/\/www.loveandwander.nl\/de\/wp-json\/wp\/v2\/media\/17631"}],"wp:attachment":[{"href":"https:\/\/www.loveandwander.nl\/de\/wp-json\/wp\/v2\/media?parent=17655"}],"wp:term":[{"taxonomy":"product_brand","embeddable":true,"href":"https:\/\/www.loveandwander.nl\/de\/wp-json\/wp\/v2\/product_brand?post=17655"},{"taxonomy":"product_cat","embeddable":true,"href":"https:\/\/www.loveandwander.nl\/de\/wp-json\/wp\/v2\/product_cat?post=17655"},{"taxonomy":"product_tag","embeddable":true,"href":"https:\/\/www.loveandwander.nl\/de\/wp-json\/wp\/v2\/product_tag?post=17655"}],"curies":[{"name":"wp","href":"https:\/\/api.w.org\/{rel}","templated":true}]}}