{"id":17647,"date":"2025-05-23T17:57:02","date_gmt":"2025-05-23T15:57:02","guid":{"rendered":"https:\/\/www.loveandwander.nl\/?post_type=product&#038;p=17647"},"modified":"2025-05-23T22:33:07","modified_gmt":"2025-05-23T20:33:07","slug":"hosenanzug-mae-grau","status":"publish","type":"product","link":"https:\/\/www.loveandwander.nl\/de\/produkt\/hosenanzug-mae-grau\/","title":{"rendered":"Hosenanzug Mae Grau"},"content":{"rendered":"","protected":false},"excerpt":{"rendered":"<pre id=\"tw-target-text\" class=\"tw-data-text tw-text-large tw-ta\" dir=\"ltr\" data-placeholder=\"Vertaling\" data-ved=\"2ahUKEwjOzvXEsrqNAxWShv0HHWcbBZ0Q3ewLegQICRAV\" aria-label=\"Vertaalde tekst: Dieser supersch\u00f6ne graue Anzug ist ein echtes Must-Have f\u00fcr Ihre Garderobe! Das Oberteil l\u00e4sst sich auf zwei Arten tragen: ordentlich in die Hose gesteckt f\u00fcr einen eleganten Look oder locker \u00fcber der Hose f\u00fcr einen eher l\u00e4ssigen Look. Die Schulterpolster geben dem Top das gewisse Extra und machen es noch sch\u00f6ner.\r\nDie Hose hat eine sch\u00f6ne, schmeichelnde Passform und ist wunderbar bequem. Auch perfekt kombinierbar mit einer eleganten Bluse oder einem Top f\u00fcr endlose Styling-M\u00f6glichkeiten.\r\n\r\nErh\u00e4ltlich in den Gr\u00f6\u00dfen S, M und L.\r\n\r\nDie Frau auf dem Foto ist 1,60 gro\u00df und tr\u00e4gt Gr\u00f6\u00dfe XS\r\nAnzugmaterial: 25 % Viskose, 3 % Elasthan, 72 % Polyester\"><span class=\"Y2IQFc\" lang=\"de\">Dieser supersch\u00f6ne graue Anzug ist ein echtes Must-Have f\u00fcr Ihre Garderobe! Das Oberteil l\u00e4sst sich auf zwei Arten \r\ntragen: ordentlich in die Hose gesteckt f\u00fcr einen eleganten Look oder locker \u00fcber der Hose f\u00fcr einen eher l\u00e4ssigen Look. Die \r\nSchulterpolster geben dem Top das gewisse Extra und machen es noch sch\u00f6ner.\r\nDie Hose hat eine sch\u00f6ne, schmeichelnde Passform und ist wunderbar bequem. Auch perfekt kombinierbar mit einer eleganten \r\nBluse oder einem Top f\u00fcr endlose Styling-M\u00f6glichkeiten.\r\n\r\nErh\u00e4ltlich in den Gr\u00f6\u00dfen S, M und L.\r\n\r\n_______\r\nDie Frau auf dem Foto ist 1,60 gro\u00df und tr\u00e4gt Gr\u00f6\u00dfe XS\r\nAnzugmaterial: 25 % Viskose, 3 % Elasthan, 72 % Polyester<\/span><\/pre>\n","protected":false},"featured_media":17633,"comment_status":"open","ping_status":"closed","template":"","meta":{"content-type":""},"product_brand":[],"product_cat":[520,390],"product_tag":[],"class_list":{"0":"post-17647","1":"product","2":"type-product","3":"status-publish","4":"has-post-thumbnail","6":"product_cat-hosenanzug","7":"product_cat-umstandskleider","8":"pa_kleur-taupe-de","10":"first","11":"instock","12":"taxable","13":"shipping-taxable","14":"purchasable","15":"product-type-variable"},"aioseo_notices":[],"_links":{"self":[{"href":"https:\/\/www.loveandwander.nl\/de\/wp-json\/wp\/v2\/product\/17647","targetHints":{"allow":["GET"]}}],"collection":[{"href":"https:\/\/www.loveandwander.nl\/de\/wp-json\/wp\/v2\/product"}],"about":[{"href":"https:\/\/www.loveandwander.nl\/de\/wp-json\/wp\/v2\/types\/product"}],"replies":[{"embeddable":true,"href":"https:\/\/www.loveandwander.nl\/de\/wp-json\/wp\/v2\/comments?post=17647"}],"wp:featuredmedia":[{"embeddable":true,"href":"https:\/\/www.loveandwander.nl\/de\/wp-json\/wp\/v2\/media\/17633"}],"wp:attachment":[{"href":"https:\/\/www.loveandwander.nl\/de\/wp-json\/wp\/v2\/media?parent=17647"}],"wp:term":[{"taxonomy":"product_brand","embeddable":true,"href":"https:\/\/www.loveandwander.nl\/de\/wp-json\/wp\/v2\/product_brand?post=17647"},{"taxonomy":"product_cat","embeddable":true,"href":"https:\/\/www.loveandwander.nl\/de\/wp-json\/wp\/v2\/product_cat?post=17647"},{"taxonomy":"product_tag","embeddable":true,"href":"https:\/\/www.loveandwander.nl\/de\/wp-json\/wp\/v2\/product_tag?post=17647"}],"curies":[{"name":"wp","href":"https:\/\/api.w.org\/{rel}","templated":true}]}}