{"id":17554,"date":"2025-05-22T08:32:30","date_gmt":"2025-05-22T06:32:30","guid":{"rendered":"https:\/\/www.loveandwander.nl\/?post_type=product&#038;p=17554"},"modified":"2025-05-22T08:53:58","modified_gmt":"2025-05-22T06:53:58","slug":"bluse-lola-weiss","status":"publish","type":"product","link":"https:\/\/www.loveandwander.nl\/de\/produkt\/bluse-lola-weiss\/","title":{"rendered":"Bluse Lola Wei\u00df"},"content":{"rendered":"","protected":false},"excerpt":{"rendered":"<pre id=\"tw-target-text\" class=\"tw-data-text tw-text-large tw-ta\" dir=\"ltr\" data-placeholder=\"Vertaling\" data-ved=\"2ahUKEwjDmcWevraNAxVN2wIHHdeqOE8Q3ewLegQICRAV\" aria-label=\"Vertaalde tekst: Diese Bluse ist durch ihre raffinierten Details und den zeitlosen Look ein echter Hingucker. Tragen Sie es puristisch zur Hose, etwas robuster zur Jeans oder offen \u00fcber einem engen Kleid oder Rock f\u00fcr einen Lagenlook.\r\nDurch die lockere Passform ist diese Bluse perfekt f\u00fcr schwangere und nicht schwangere Frauen. Stilvoll und bequem, egal in welcher Phase Sie sich befinden.\r\nErh\u00e4ltlich in zwei Farben und zwei Gr\u00f6\u00dfen: S\/M und M\/L. Ein vielseitiges Kleidungsst\u00fcck, das Sie Saison f\u00fcr Saison endlos kombinieren k\u00f6nnen.\r\n\r\nMaterial der Bluse: 100% Polyester\"><span class=\"Y2IQFc\" lang=\"de\">Diese Bluse ist durch ihre raffinierten Details und den zeitlosen Look ein echter Hingucker. Tragen Sie es puristisch zur Hose, etwas robuster zur Jeans oder offen \u00fcber \r\neinem engen Kleid oder Rock f\u00fcr einen Lagenlook.\r\nDurch die lockere Passform ist diese Bluse perfekt f\u00fcr schwangere und nicht schwangere Frauen. Stilvoll und bequem, egal in welcher Phase Sie sich befinden.\r\nErh\u00e4ltlich in zwei Farben und zwei Gr\u00f6\u00dfen: S\/M und M\/L. Ein vielseitiges Kleidungsst\u00fcck, das Sie Saison f\u00fcr Saison endlos kombinieren k\u00f6nnen.\r\n\r\n______\r\n\r\nMaterial der Bluse: 100% Polyester<\/span><\/pre>\n<pre id=\"tw-target-text\" class=\"tw-data-text tw-text-large tw-ta\" dir=\"ltr\" data-placeholder=\"Vertaling\" data-ved=\"2ahUKEwi-ys2PqMWJAxVMlP0HHUNmBPgQ3ewLegQICRAU\" aria-label=\"Vertaalde tekst: Diese Bluse hat sch\u00f6ne Details. Dank des One-Size-Modells passt es gut in den Gr\u00f6\u00dfen S bis L und in Gr\u00f6\u00dfe XS\/S sch\u00f6n \u00fcbergro\u00df. Auch w\u00e4hrend der Schwangerschaft ist es eine ideale Wahl: Tragen Sie es offen f\u00fcr einen l\u00e4ssigen Look oder binden Sie es verspielt \u00fcber dem Bauch, wenn es nicht mehr geschlossen werden kann. Eine vielseitige Bluse, die Sie auf verschiedene Arten tragen k\u00f6nnen. Die Farbe liegt irgendwo zwischen Wei\u00df, Beige und Creme. ________ Die Frau auf dem Foto mit dunkelblonden Haaren ist 1,60 gro\u00df und tr\u00e4gt Gr\u00f6\u00dfe S. Die Frau auf dem Foto mit dunklerem Haar ist 1,72 gro\u00df und hat Gr\u00f6\u00dfe M.\"><span class=\"Y2IQFc\" lang=\"de\">Die Frau auf dem Foto ist 1,60 gro\u00df und tr\u00e4gt Gr\u00f6\u00dfe XS.<\/span><\/pre>\n","protected":false},"featured_media":17534,"comment_status":"open","ping_status":"closed","template":"","meta":{"content-type":""},"product_brand":[],"product_cat":[215,390,214],"product_tag":[],"class_list":{"0":"post-17554","1":"product","2":"type-product","3":"status-publish","4":"has-post-thumbnail","6":"product_cat-lola-de","7":"product_cat-umstandskleider","8":"product_cat-westen-pullover-de","9":"pa_kleur-creme-de","10":"pa_kleur-weis","12":"first","13":"instock","14":"taxable","15":"shipping-taxable","16":"purchasable","17":"product-type-variable"},"aioseo_notices":[],"_links":{"self":[{"href":"https:\/\/www.loveandwander.nl\/de\/wp-json\/wp\/v2\/product\/17554","targetHints":{"allow":["GET"]}}],"collection":[{"href":"https:\/\/www.loveandwander.nl\/de\/wp-json\/wp\/v2\/product"}],"about":[{"href":"https:\/\/www.loveandwander.nl\/de\/wp-json\/wp\/v2\/types\/product"}],"replies":[{"embeddable":true,"href":"https:\/\/www.loveandwander.nl\/de\/wp-json\/wp\/v2\/comments?post=17554"}],"wp:featuredmedia":[{"embeddable":true,"href":"https:\/\/www.loveandwander.nl\/de\/wp-json\/wp\/v2\/media\/17534"}],"wp:attachment":[{"href":"https:\/\/www.loveandwander.nl\/de\/wp-json\/wp\/v2\/media?parent=17554"}],"wp:term":[{"taxonomy":"product_brand","embeddable":true,"href":"https:\/\/www.loveandwander.nl\/de\/wp-json\/wp\/v2\/product_brand?post=17554"},{"taxonomy":"product_cat","embeddable":true,"href":"https:\/\/www.loveandwander.nl\/de\/wp-json\/wp\/v2\/product_cat?post=17554"},{"taxonomy":"product_tag","embeddable":true,"href":"https:\/\/www.loveandwander.nl\/de\/wp-json\/wp\/v2\/product_tag?post=17554"}],"curies":[{"name":"wp","href":"https:\/\/api.w.org\/{rel}","templated":true}]}}