{"id":17383,"date":"2025-05-14T11:21:07","date_gmt":"2025-05-14T09:21:07","guid":{"rendered":"https:\/\/www.loveandwander.nl\/?post_type=product&#038;p=17383"},"modified":"2025-05-17T17:58:56","modified_gmt":"2025-05-17T15:58:56","slug":"kleid-cleo-grun","status":"publish","type":"product","link":"https:\/\/www.loveandwander.nl\/de\/produkt\/kleid-cleo-grun\/","title":{"rendered":"Kleid Cleo Grun"},"content":{"rendered":"","protected":false},"excerpt":{"rendered":"<pre id=\"tw-target-text\" class=\"tw-data-text tw-text-large tw-ta\" dir=\"ltr\" data-placeholder=\"Vertaling\" data-ved=\"2ahUKEwjtpuS0naaNAxUB9LsIHYQ_Mw0Q3ewLegQICRAV\" aria-label=\"Vertaalde tekst: Dieses wundersch\u00f6ne Kleid reicht bis etwa zum Knie und hat eine sch\u00f6ne Passform, die sich wunderbar Ihrer Figur anpasst. Das Unterkleid sorgt f\u00fcr zus\u00e4tzlichen Tragekomfort und verhindert, dass der Stoff durchscheint.\r\n\r\nMit dem passenden G\u00fcrtel k\u00f6nnen Sie Ihre Taille sch\u00f6n betonen.\u00a0\r\n\r\nDas Kleid ist sowohl f\u00fcr Schwangere als auch f\u00fcr Nichtschwangere geeignet und somit in jeder Phase vielseitig und bequem.\r\n\r\nDie Gr\u00f6\u00dfe ist Einheitsgr\u00f6\u00dfe und kann von Gr\u00f6\u00dfe XS bis L getragen werden.\r\n\r\nPerfekt f\u00fcr einen Sommertag, ein Fotoshooting oder einen lustigen Anlass.\r\n\r\n_________\r\n\r\nDie Frau auf dem Foto ist 1,60 gro\u00df und tr\u00e4gt Gr\u00f6\u00dfe XS\r\n\r\nMaterial Kleid: 96% Viskose 5% Elasthan\"><span class=\"Y2IQFc\" lang=\"de\">Dieses wundersch\u00f6ne Kleid reicht bis etwa zum Knie und hat eine sch\u00f6ne Passform, die sich wunderbar Ihrer Figur anpasst. Das Unterkleid sorgt f\u00fcr zus\u00e4tzlichen Tragekomfort und verhindert, dass der Stoff durchscheint.\r\n\r\nMit dem passenden G\u00fcrtel k\u00f6nnen Sie Ihre Taille sch\u00f6n betonen.\u00a0\r\n\r\nDas Kleid ist sowohl f\u00fcr Schwangere als auch f\u00fcr Nichtschwangere geeignet und somit in jeder Phase vielseitig und bequem.\r\n\r\nDie Gr\u00f6\u00dfe ist Einheitsgr\u00f6\u00dfe und kann von Gr\u00f6\u00dfe XS bis L getragen werden.\r\n\r\nPerfekt f\u00fcr einen Sommertag, ein Fotoshooting oder einen lustigen Anlass.\r\n\r\n_________\r\n\r\nDie Frau auf dem Foto ist 1,60 gro\u00df und tr\u00e4gt Gr\u00f6\u00dfe XS\r\n\r\nMaterial Kleid: 96% Viskose 5% Elasthan<\/span><\/pre>\n","protected":false},"featured_media":17343,"comment_status":"open","ping_status":"closed","template":"","meta":{"content-type":""},"product_brand":[],"product_cat":[209,390],"product_tag":[],"class_list":{"0":"post-17383","1":"product","2":"type-product","3":"status-publish","4":"has-post-thumbnail","6":"product_cat-kleider","7":"product_cat-umstandskleider","8":"pa_kleur-grun","10":"first","11":"onbackorder","12":"taxable","13":"shipping-taxable","14":"purchasable","15":"product-type-simple"},"aioseo_notices":[],"_links":{"self":[{"href":"https:\/\/www.loveandwander.nl\/de\/wp-json\/wp\/v2\/product\/17383","targetHints":{"allow":["GET"]}}],"collection":[{"href":"https:\/\/www.loveandwander.nl\/de\/wp-json\/wp\/v2\/product"}],"about":[{"href":"https:\/\/www.loveandwander.nl\/de\/wp-json\/wp\/v2\/types\/product"}],"replies":[{"embeddable":true,"href":"https:\/\/www.loveandwander.nl\/de\/wp-json\/wp\/v2\/comments?post=17383"}],"wp:featuredmedia":[{"embeddable":true,"href":"https:\/\/www.loveandwander.nl\/de\/wp-json\/wp\/v2\/media\/17343"}],"wp:attachment":[{"href":"https:\/\/www.loveandwander.nl\/de\/wp-json\/wp\/v2\/media?parent=17383"}],"wp:term":[{"taxonomy":"product_brand","embeddable":true,"href":"https:\/\/www.loveandwander.nl\/de\/wp-json\/wp\/v2\/product_brand?post=17383"},{"taxonomy":"product_cat","embeddable":true,"href":"https:\/\/www.loveandwander.nl\/de\/wp-json\/wp\/v2\/product_cat?post=17383"},{"taxonomy":"product_tag","embeddable":true,"href":"https:\/\/www.loveandwander.nl\/de\/wp-json\/wp\/v2\/product_tag?post=17383"}],"curies":[{"name":"wp","href":"https:\/\/api.w.org\/{rel}","templated":true}]}}