{"id":17211,"date":"2025-05-13T10:28:32","date_gmt":"2025-05-13T08:28:32","guid":{"rendered":"https:\/\/www.loveandwander.nl\/?post_type=product&#038;p=17211"},"modified":"2025-12-03T00:29:17","modified_gmt":"2025-12-02T23:29:17","slug":"kleid-elena-braun","status":"publish","type":"product","link":"https:\/\/www.loveandwander.nl\/de\/produkt\/kleid-elena-braun\/","title":{"rendered":"Kleid Elena Braun"},"content":{"rendered":"","protected":false},"excerpt":{"rendered":"<pre id=\"tw-target-text\" class=\"tw-data-text tw-text-large tw-ta\" dir=\"ltr\" data-placeholder=\"Vertaling\" data-ved=\"2ahUKEwjtpuS0naaNAxUB9LsIHYQ_Mw0Q3ewLegQICRAV\" aria-label=\"Vertaalde tekst: Dieses elegante Kleid mit der zierlichen Schleife auf dem R\u00fccken ist ein echter Hingucker \u2013 perfekt f\u00fcr ein Fotoshooting, eine Party oder einen anderen besonderen Anlass. Durch die flexible Passform ist das Kleid sowohl f\u00fcr schwangere als auch f\u00fcr nicht schwangere Frauen geeignet. Die Gr\u00f6\u00dfe ist Einheitsgr\u00f6\u00dfe, passend f\u00fcr die Gr\u00f6\u00dfen S bis XL. Bei Gr\u00f6\u00dfe XS oder S sitzt das Kleid etwas lockerer, was f\u00fcr einen l\u00e4ssigen, luftigen Look sorgt. Eine stilvolle und bequeme Wahl f\u00fcr jeden Moment, in dem Sie gl\u00e4nzen m\u00f6chten. _____ Die Frau auf dem Foto ist 1,60 gro\u00df und tr\u00e4gt Gr\u00f6\u00dfe XS\u00a0 Kleidermaterial: 88 % Viskose, 12 % Nylon\"><span class=\"Y2IQFc\" lang=\"de\">Dieses elegante Kleid mit der zierlichen Schleife auf dem R\u00fccken ist ein echter Hingucker \u2013 perfekt f\u00fcr ein Fotoshooting, eine Party oder einen anderen besonderen Anlass.\r\n\r\nDurch die flexible Passform ist das Kleid sowohl f\u00fcr schwangere als auch f\u00fcr nicht schwangere Frauen geeignet. Die Gr\u00f6\u00dfe ist Einheitsgr\u00f6\u00dfe, passend f\u00fcr die \r\nGr\u00f6\u00dfen S bis XL. Bei Gr\u00f6\u00dfe XS oder S sitzt das Kleid etwas lockerer, was f\u00fcr einen l\u00e4ssigen, luftigen Look sorgt.\r\n\r\nEine stilvolle und bequeme Wahl f\u00fcr jeden Moment, in dem Sie gl\u00e4nzen m\u00f6chten.\r\n\r\n_____\r\n\r\nDie Frau auf dem Foto ist 1,60 gro\u00df und tr\u00e4gt Gr\u00f6\u00dfe XS\u00a0\r\n\r\nKleidermaterial: 88 % Viskose, 12 % Nylon<\/span><\/pre>\n","protected":false},"featured_media":17084,"comment_status":"open","ping_status":"closed","template":"","meta":{"content-type":""},"product_brand":[],"product_cat":[209,390],"product_tag":[],"class_list":{"0":"post-17211","1":"product","2":"type-product","3":"status-publish","4":"has-post-thumbnail","6":"product_cat-kleider","7":"product_cat-umstandskleider","8":"pa_kleur-braun","10":"first","11":"instock","12":"taxable","13":"shipping-taxable","14":"purchasable","15":"product-type-simple"},"aioseo_notices":[],"_links":{"self":[{"href":"https:\/\/www.loveandwander.nl\/de\/wp-json\/wp\/v2\/product\/17211","targetHints":{"allow":["GET"]}}],"collection":[{"href":"https:\/\/www.loveandwander.nl\/de\/wp-json\/wp\/v2\/product"}],"about":[{"href":"https:\/\/www.loveandwander.nl\/de\/wp-json\/wp\/v2\/types\/product"}],"replies":[{"embeddable":true,"href":"https:\/\/www.loveandwander.nl\/de\/wp-json\/wp\/v2\/comments?post=17211"}],"wp:featuredmedia":[{"embeddable":true,"href":"https:\/\/www.loveandwander.nl\/de\/wp-json\/wp\/v2\/media\/17084"}],"wp:attachment":[{"href":"https:\/\/www.loveandwander.nl\/de\/wp-json\/wp\/v2\/media?parent=17211"}],"wp:term":[{"taxonomy":"product_brand","embeddable":true,"href":"https:\/\/www.loveandwander.nl\/de\/wp-json\/wp\/v2\/product_brand?post=17211"},{"taxonomy":"product_cat","embeddable":true,"href":"https:\/\/www.loveandwander.nl\/de\/wp-json\/wp\/v2\/product_cat?post=17211"},{"taxonomy":"product_tag","embeddable":true,"href":"https:\/\/www.loveandwander.nl\/de\/wp-json\/wp\/v2\/product_tag?post=17211"}],"curies":[{"name":"wp","href":"https:\/\/api.w.org\/{rel}","templated":true}]}}