{"id":17051,"date":"2025-05-09T22:04:31","date_gmt":"2025-05-09T20:04:31","guid":{"rendered":"https:\/\/www.loveandwander.nl\/?post_type=product&#038;p=17051"},"modified":"2025-12-03T00:29:34","modified_gmt":"2025-12-02T23:29:34","slug":"kleid-coco-dunkelbraun","status":"publish","type":"product","link":"https:\/\/www.loveandwander.nl\/de\/produkt\/kleid-coco-dunkelbraun\/","title":{"rendered":"Kleid Coco Dunkelbraun"},"content":{"rendered":"","protected":false},"excerpt":{"rendered":"<pre id=\"tw-target-text\" class=\"tw-data-text tw-text-large tw-ta\" dir=\"ltr\" data-placeholder=\"Vertaling\" data-ved=\"2ahUKEwjtpuS0naaNAxUB9LsIHYQ_Mw0Q3ewLegQICRAV\" aria-label=\"Vertaalde tekst: Dieses wundersch\u00f6ne, taillierte Kleid ist eine perfekte Kombination aus Komfort und Stil. Die dezenten Falten in der Taille sorgen f\u00fcr eine sch\u00f6ne Passform, w\u00e4hrend das raffinierte Schulterdetail eine feminine und einzigartige Note verleiht. Konzipiert, um sowohl w\u00e4hrend als auch nach der Schwangerschaft getragen zu werden, ideal f\u00fcr alle, die ein zeitloses St\u00fcck suchen, das mitw\u00e4chst.\r\n\r\nDas Kleid ist in mehreren Gr\u00f6\u00dfen erh\u00e4ltlich, f\u00e4llt aber klein aus. Wir empfehlen, 1 oder sogar 2 Nummern gr\u00f6\u00dfer zu nehmen. Tragen Sie es l\u00e4ssig mit Flip-Flops oder Sandalen oder entscheiden Sie sich f\u00fcr einen sportlichen Look mit Ihren Lieblings-Sneakers.\r\n\r\n_______\r\n\r\nDie Frau auf dem Foto ist 1,60 gro\u00df und tr\u00e4gt Gr\u00f6\u00dfe XS\u00a0\r\n\r\nKleidermaterial: 98 % Polyester, 2 % Elastan\"><span class=\"Y2IQFc\" lang=\"de\">Dieses wundersch\u00f6ne, taillierte Kleid ist eine perfekte Kombination aus Komfort und Stil. Die dezenten Falten in der Taille sorgen f\u00fcr eine sch\u00f6ne \r\nPassform, w\u00e4hrend das raffinierte Schulterdetail eine feminine und einzigartige Note verleiht. Konzipiert, um sowohl w\u00e4hrend als auch nach der Schwangerschaft \r\ngetragen zu werden, ideal f\u00fcr alle, die ein zeitloses St\u00fcck suchen, das mitw\u00e4chst.\r\n\r\nDas Kleid ist in mehreren Gr\u00f6\u00dfen erh\u00e4ltlich, f\u00e4llt aber klein aus. Wir empfehlen, 1 oder sogar 2 Nummern gr\u00f6\u00dfer zu nehmen. Tragen Sie es l\u00e4ssig mit Flip-Flops \r\noder Sandalen oder entscheiden Sie sich f\u00fcr einen sportlichen Look mit Ihren Lieblings-Sneakers.\r\n\r\n_______\r\n\r\nDie Frau auf dem Foto ist 1,60 gro\u00df und tr\u00e4gt Gr\u00f6\u00dfe XS\u00a0\r\n\r\nKleidermaterial: 98 % Polyester, 2 % Elastan<\/span><\/pre>\n","protected":false},"featured_media":17000,"comment_status":"open","ping_status":"closed","template":"","meta":{"content-type":""},"product_brand":[],"product_cat":[209,390],"product_tag":[],"class_list":{"0":"post-17051","1":"product","2":"type-product","3":"status-publish","4":"has-post-thumbnail","6":"product_cat-kleider","7":"product_cat-umstandskleider","8":"pa_kleur-dunkelbraun","10":"first","11":"instock","12":"taxable","13":"shipping-taxable","14":"purchasable","15":"product-type-variable"},"aioseo_notices":[],"_links":{"self":[{"href":"https:\/\/www.loveandwander.nl\/de\/wp-json\/wp\/v2\/product\/17051","targetHints":{"allow":["GET"]}}],"collection":[{"href":"https:\/\/www.loveandwander.nl\/de\/wp-json\/wp\/v2\/product"}],"about":[{"href":"https:\/\/www.loveandwander.nl\/de\/wp-json\/wp\/v2\/types\/product"}],"replies":[{"embeddable":true,"href":"https:\/\/www.loveandwander.nl\/de\/wp-json\/wp\/v2\/comments?post=17051"}],"wp:featuredmedia":[{"embeddable":true,"href":"https:\/\/www.loveandwander.nl\/de\/wp-json\/wp\/v2\/media\/17000"}],"wp:attachment":[{"href":"https:\/\/www.loveandwander.nl\/de\/wp-json\/wp\/v2\/media?parent=17051"}],"wp:term":[{"taxonomy":"product_brand","embeddable":true,"href":"https:\/\/www.loveandwander.nl\/de\/wp-json\/wp\/v2\/product_brand?post=17051"},{"taxonomy":"product_cat","embeddable":true,"href":"https:\/\/www.loveandwander.nl\/de\/wp-json\/wp\/v2\/product_cat?post=17051"},{"taxonomy":"product_tag","embeddable":true,"href":"https:\/\/www.loveandwander.nl\/de\/wp-json\/wp\/v2\/product_tag?post=17051"}],"curies":[{"name":"wp","href":"https:\/\/api.w.org\/{rel}","templated":true}]}}