{"id":15901,"date":"2025-02-10T13:26:50","date_gmt":"2025-02-10T12:26:50","guid":{"rendered":"https:\/\/www.loveandwander.nl\/?post_type=product&#038;p=15901"},"modified":"2025-10-10T17:22:18","modified_gmt":"2025-10-10T15:22:18","slug":"kleid-fira-taupe","status":"publish","type":"product","link":"https:\/\/www.loveandwander.nl\/de\/produkt\/kleid-fira-taupe\/","title":{"rendered":"Kleid Fira Taupe"},"content":{"rendered":"","protected":false},"excerpt":{"rendered":"<p class=\"p1\">Supersch\u00f6nes Basic-Kleid in verschiedenen Farben erh\u00e4ltlich. Sehr gut als Umstandskleid zu tragen. Sie k\u00f6nnen ihn gut mit Ihrem eigenen G\u00fcrtel kombinieren. Darunter m\u00fcssen Turnschuhe oder Sandalen sein. Die Gr\u00f6\u00dfe ist eine Einheitsgr\u00f6\u00dfe und kann von Gr\u00f6\u00dfe XS bis L getragen werden.<span class=\"Apple-converted-space\">\u00a0<\/span><\/p>\n<p>_________<\/p>\n<p class=\"p1\">Die Frau auf dem Bild ist 1,60 und hat Gr\u00f6\u00dfe XS<\/p>\n","protected":false},"featured_media":15919,"comment_status":"open","ping_status":"closed","template":"","meta":{"content-type":""},"product_brand":[],"product_cat":[209,394,390],"product_tag":[],"class_list":{"0":"post-15901","1":"product","2":"type-product","3":"status-publish","4":"has-post-thumbnail","6":"product_cat-kleider","7":"product_cat-fira-de","8":"product_cat-umstandskleider","9":"pa_kleur-taupe-de","11":"first","12":"onbackorder","13":"taxable","14":"shipping-taxable","15":"purchasable","16":"product-type-simple"},"aioseo_notices":[],"_links":{"self":[{"href":"https:\/\/www.loveandwander.nl\/de\/wp-json\/wp\/v2\/product\/15901","targetHints":{"allow":["GET"]}}],"collection":[{"href":"https:\/\/www.loveandwander.nl\/de\/wp-json\/wp\/v2\/product"}],"about":[{"href":"https:\/\/www.loveandwander.nl\/de\/wp-json\/wp\/v2\/types\/product"}],"replies":[{"embeddable":true,"href":"https:\/\/www.loveandwander.nl\/de\/wp-json\/wp\/v2\/comments?post=15901"}],"wp:featuredmedia":[{"embeddable":true,"href":"https:\/\/www.loveandwander.nl\/de\/wp-json\/wp\/v2\/media\/15919"}],"wp:attachment":[{"href":"https:\/\/www.loveandwander.nl\/de\/wp-json\/wp\/v2\/media?parent=15901"}],"wp:term":[{"taxonomy":"product_brand","embeddable":true,"href":"https:\/\/www.loveandwander.nl\/de\/wp-json\/wp\/v2\/product_brand?post=15901"},{"taxonomy":"product_cat","embeddable":true,"href":"https:\/\/www.loveandwander.nl\/de\/wp-json\/wp\/v2\/product_cat?post=15901"},{"taxonomy":"product_tag","embeddable":true,"href":"https:\/\/www.loveandwander.nl\/de\/wp-json\/wp\/v2\/product_tag?post=15901"}],"curies":[{"name":"wp","href":"https:\/\/api.w.org\/{rel}","templated":true}]}}