{"id":15223,"date":"2024-11-06T11:36:48","date_gmt":"2024-11-06T10:36:48","guid":{"rendered":"https:\/\/www.loveandwander.nl\/?post_type=product&#038;p=15223"},"modified":"2024-11-06T11:44:19","modified_gmt":"2024-11-06T10:44:19","slug":"blouse-arela-creme","status":"publish","type":"product","link":"https:\/\/www.loveandwander.nl\/de\/produkt\/blouse-arela-creme\/","title":{"rendered":"Bluse Arela Creme"},"content":{"rendered":"","protected":false},"excerpt":{"rendered":"<pre id=\"tw-target-text\" class=\"tw-data-text tw-text-large tw-ta\" dir=\"ltr\" data-placeholder=\"Vertaling\" data-ved=\"2ahUKEwi-ys2PqMWJAxVMlP0HHUNmBPgQ3ewLegQICRAU\" aria-label=\"Vertaalde tekst: Diese Bluse hat sch\u00f6ne Details. Dank des One-Size-Modells passt es gut in den Gr\u00f6\u00dfen S bis L und in Gr\u00f6\u00dfe XS\/S sch\u00f6n \u00fcbergro\u00df. Auch w\u00e4hrend der Schwangerschaft ist es eine ideale Wahl: Tragen Sie es offen f\u00fcr einen l\u00e4ssigen Look oder binden Sie es verspielt \u00fcber dem Bauch, wenn es nicht mehr geschlossen werden kann. Eine vielseitige Bluse, die Sie auf verschiedene Arten tragen k\u00f6nnen. Die Farbe liegt irgendwo zwischen Wei\u00df, Beige und Creme.\r\n\r\n\r\n\r\n\r\n________\r\n\r\nDie Frau auf dem Foto mit dunkelblonden Haaren ist 1,60 gro\u00df und tr\u00e4gt Gr\u00f6\u00dfe S.\r\n\r\nDie Frau auf dem Foto mit dunklerem Haar ist 1,72 gro\u00df und hat Gr\u00f6\u00dfe M.\"><span class=\"Y2IQFc\" lang=\"de\">Diese Bluse hat sch\u00f6ne Details. Dank des One-Size-Modells passt es gut in den Gr\u00f6\u00dfen S bis L und in Gr\u00f6\u00dfe XS\/S sch\u00f6n \u00fcbergro\u00df. Auch w\u00e4hrend der Schwangerschaft ist es eine ideale \r\nWahl: Tragen Sie es offen f\u00fcr einen l\u00e4ssigen Look oder binden Sie es verspielt \u00fcber dem Bauch, wenn es nicht mehr geschlossen werden kann. Eine vielseitige Bluse, die Sie \r\nauf verschiedene Arten tragen k\u00f6nnen. Die Farbe liegt irgendwo zwischen Wei\u00df, Beige und Creme.\r\n\r\n________\r\n\r\nDie Frau auf dem Foto mit dunkelblonden Haaren ist 1,60 gro\u00df und tr\u00e4gt Gr\u00f6\u00dfe S.\r\n\r\nDie Frau auf dem Foto mit dunklerem Haar ist 1,72 gro\u00df und hat Gr\u00f6\u00dfe M.<\/span><\/pre>\n","protected":false},"featured_media":15211,"comment_status":"open","ping_status":"closed","template":"","meta":{"content-type":""},"product_brand":[],"product_cat":[390,214],"product_tag":[],"class_list":{"0":"post-15223","1":"product","2":"type-product","3":"status-publish","4":"has-post-thumbnail","6":"product_cat-umstandskleider","7":"product_cat-westen-pullover-de","8":"pa_kleur-beige-de","9":"pa_kleur-creme-de","10":"pa_kleur-weis","12":"first","13":"instock","14":"sale","15":"taxable","16":"shipping-taxable","17":"purchasable","18":"product-type-simple"},"aioseo_notices":[],"_links":{"self":[{"href":"https:\/\/www.loveandwander.nl\/de\/wp-json\/wp\/v2\/product\/15223","targetHints":{"allow":["GET"]}}],"collection":[{"href":"https:\/\/www.loveandwander.nl\/de\/wp-json\/wp\/v2\/product"}],"about":[{"href":"https:\/\/www.loveandwander.nl\/de\/wp-json\/wp\/v2\/types\/product"}],"replies":[{"embeddable":true,"href":"https:\/\/www.loveandwander.nl\/de\/wp-json\/wp\/v2\/comments?post=15223"}],"wp:featuredmedia":[{"embeddable":true,"href":"https:\/\/www.loveandwander.nl\/de\/wp-json\/wp\/v2\/media\/15211"}],"wp:attachment":[{"href":"https:\/\/www.loveandwander.nl\/de\/wp-json\/wp\/v2\/media?parent=15223"}],"wp:term":[{"taxonomy":"product_brand","embeddable":true,"href":"https:\/\/www.loveandwander.nl\/de\/wp-json\/wp\/v2\/product_brand?post=15223"},{"taxonomy":"product_cat","embeddable":true,"href":"https:\/\/www.loveandwander.nl\/de\/wp-json\/wp\/v2\/product_cat?post=15223"},{"taxonomy":"product_tag","embeddable":true,"href":"https:\/\/www.loveandwander.nl\/de\/wp-json\/wp\/v2\/product_tag?post=15223"}],"curies":[{"name":"wp","href":"https:\/\/api.w.org\/{rel}","templated":true}]}}