{"id":15017,"date":"2024-11-05T17:10:20","date_gmt":"2024-11-05T16:10:20","guid":{"rendered":"https:\/\/www.loveandwander.nl\/?post_type=product&#038;p=15017"},"modified":"2026-04-01T12:02:42","modified_gmt":"2026-04-01T10:02:42","slug":"kleid-amariah-grun","status":"publish","type":"product","link":"https:\/\/www.loveandwander.nl\/de\/produkt\/kleid-amariah-grun\/","title":{"rendered":"Kleid Amariah Gr\u00fcn"},"content":{"rendered":"","protected":false},"excerpt":{"rendered":"<pre id=\"tw-target-text\" class=\"tw-data-text tw-text-large tw-ta\" dir=\"ltr\" data-placeholder=\"Vertaling\" data-ved=\"2ahUKEwi-ys2PqMWJAxVMlP0HHUNmBPgQ3ewLegQICRAU\" aria-label=\"Vertaalde tekst: Sehr sch\u00f6nes langes Kleid, das in zwei Farben erh\u00e4ltlich ist. Das Kleid enth\u00e4lt ein Unterkleid, das etwa bis zum Knie reicht. Mit dem G\u00fcrtel k\u00f6nnen Sie das Kleid an Ihre Taille anpassen. Es kann auch als Umstandskleid getragen werden. Die Gr\u00f6\u00dfe ist Einheitsgr\u00f6\u00dfe und kann von Gr\u00f6\u00dfe XS bis L getragen werden.\"><span class=\"Y2IQFc\" lang=\"de\">Sehr sch\u00f6nes langes Kleid, das in zwei Farben erh\u00e4ltlich ist. Das Kleid enth\u00e4lt ein Unterkleid, das etwa bis zum Knie reicht. Mit dem G\u00fcrtel k\u00f6nnen Sie das Kleid an Ihre Taille anpassen. Es \r\nkann auch als Umstandskleid getragen werden. Die Gr\u00f6\u00dfe ist Einheitsgr\u00f6\u00dfe und kann von Gr\u00f6\u00dfe XS bis L getragen werden.<\/span><\/pre>\n<p>______<\/p>\n<p>Die Frau auf dem Bild ist 1,60 gro\u00df und hat Gr\u00f6\u00dfe S.<\/p>\n","protected":false},"featured_media":14999,"comment_status":"open","ping_status":"closed","template":"","meta":{"content-type":""},"product_brand":[],"product_cat":[209,390],"product_tag":[],"class_list":{"0":"post-15017","1":"product","2":"type-product","3":"status-publish","4":"has-post-thumbnail","6":"product_cat-kleider","7":"product_cat-umstandskleider","8":"pa_kleur-grun","10":"first","11":"instock","12":"taxable","13":"shipping-taxable","14":"purchasable","15":"product-type-simple"},"aioseo_notices":[],"_links":{"self":[{"href":"https:\/\/www.loveandwander.nl\/de\/wp-json\/wp\/v2\/product\/15017","targetHints":{"allow":["GET"]}}],"collection":[{"href":"https:\/\/www.loveandwander.nl\/de\/wp-json\/wp\/v2\/product"}],"about":[{"href":"https:\/\/www.loveandwander.nl\/de\/wp-json\/wp\/v2\/types\/product"}],"replies":[{"embeddable":true,"href":"https:\/\/www.loveandwander.nl\/de\/wp-json\/wp\/v2\/comments?post=15017"}],"wp:featuredmedia":[{"embeddable":true,"href":"https:\/\/www.loveandwander.nl\/de\/wp-json\/wp\/v2\/media\/14999"}],"wp:attachment":[{"href":"https:\/\/www.loveandwander.nl\/de\/wp-json\/wp\/v2\/media?parent=15017"}],"wp:term":[{"taxonomy":"product_brand","embeddable":true,"href":"https:\/\/www.loveandwander.nl\/de\/wp-json\/wp\/v2\/product_brand?post=15017"},{"taxonomy":"product_cat","embeddable":true,"href":"https:\/\/www.loveandwander.nl\/de\/wp-json\/wp\/v2\/product_cat?post=15017"},{"taxonomy":"product_tag","embeddable":true,"href":"https:\/\/www.loveandwander.nl\/de\/wp-json\/wp\/v2\/product_tag?post=15017"}],"curies":[{"name":"wp","href":"https:\/\/api.w.org\/{rel}","templated":true}]}}