{"id":14680,"date":"2024-09-19T09:32:05","date_gmt":"2024-09-19T07:32:05","guid":{"rendered":"https:\/\/www.loveandwander.nl\/?post_type=product&#038;p=14680"},"modified":"2025-12-03T00:29:19","modified_gmt":"2025-12-02T23:29:19","slug":"kleid-noa-grun","status":"publish","type":"product","link":"https:\/\/www.loveandwander.nl\/de\/produkt\/kleid-noa-grun\/","title":{"rendered":"Kleid Noa Gr\u00fcn"},"content":{"rendered":"","protected":false},"excerpt":{"rendered":"<pre id=\"tw-target-text\" class=\"tw-data-text tw-text-large tw-ta\" dir=\"ltr\" data-placeholder=\"Vertaling\" data-ved=\"2ahUKEwi1_92hos2IAxWVhv0HHYjhPAkQ3ewLegQIBxAU\" aria-label=\"Translated text: Das perfekte Kleid gibt es, und es hat sogar Taschen! Es ist nicht nur bequem, sondern sieht auch fantastisch aus. Die Taille wird durch einen G\u00fcrtel, den Sie hinten binden k\u00f6nnen, f\u00fcr einen stilvollen Touch sch\u00f6n betont. L\u00e4sst sich hervorragend mit Sneakers, Stiefeln oder Pumps f\u00fcr jeden Anlass kombinieren. Dank der bequemen Passform auch w\u00e4hrend der Schwangerschaft super zu tragen. Das Kleid hat eine Einheitsgr\u00f6\u00dfe und ist f\u00fcr die Gr\u00f6\u00dfen XS bis L geeignet. Bei Gr\u00f6\u00dfe XS f\u00e4llt es etwas gr\u00f6\u00dfer aus, bleibt aber genauso charmant! ________ Die schwangere Frau auf dem Foto ist 1,55 gro\u00df und hat Gr\u00f6\u00dfe S Frau mit dunkelblonden Haaren ist 1,60 gro\u00df und hat Gr\u00f6\u00dfe XS\/S\"><span class=\"Y2IQFc\" lang=\"de\">Das perfekte Kleid gibt es, und es hat sogar Taschen! Es ist nicht nur bequem, sondern sieht auch fantastisch aus. Die Taille wird durch einen G\u00fcrtel, den Sie hinten binden \r\nk\u00f6nnen, f\u00fcr einen stilvollen Touch sch\u00f6n betont. L\u00e4sst sich hervorragend mit Sneakers, Stiefeln oder Pumps f\u00fcr jeden Anlass kombinieren. Dank der bequemen Passform auch w\u00e4hrend \r\nder Schwangerschaft super zu tragen. Das Kleid hat eine Einheitsgr\u00f6\u00dfe und ist f\u00fcr die Gr\u00f6\u00dfen XS bis L geeignet. Bei Gr\u00f6\u00dfe XS f\u00e4llt es etwas \r\ngr\u00f6\u00dfer aus, bleibt aber genauso charmant!\r\n\r\n________\r\n\r\nDie schwangere Frau auf dem Foto ist 1,72 gro\u00df und hat Gr\u00f6\u00dfe M\r\n\r\nFrau mit dunkelblonden Haaren ist 1,60 gro\u00df und hat Gr\u00f6\u00dfe XS\/S<\/span><\/pre>\n","protected":false},"featured_media":14696,"comment_status":"open","ping_status":"closed","template":"","meta":{"content-type":""},"product_brand":[],"product_cat":[209,390],"product_tag":[],"class_list":{"0":"post-14680","1":"product","2":"type-product","3":"status-publish","4":"has-post-thumbnail","6":"product_cat-kleider","7":"product_cat-umstandskleider","8":"pa_kleur-grun","10":"first","11":"outofstock","12":"taxable","13":"shipping-taxable","14":"purchasable","15":"product-type-simple"},"aioseo_notices":[],"_links":{"self":[{"href":"https:\/\/www.loveandwander.nl\/de\/wp-json\/wp\/v2\/product\/14680","targetHints":{"allow":["GET"]}}],"collection":[{"href":"https:\/\/www.loveandwander.nl\/de\/wp-json\/wp\/v2\/product"}],"about":[{"href":"https:\/\/www.loveandwander.nl\/de\/wp-json\/wp\/v2\/types\/product"}],"replies":[{"embeddable":true,"href":"https:\/\/www.loveandwander.nl\/de\/wp-json\/wp\/v2\/comments?post=14680"}],"wp:featuredmedia":[{"embeddable":true,"href":"https:\/\/www.loveandwander.nl\/de\/wp-json\/wp\/v2\/media\/14696"}],"wp:attachment":[{"href":"https:\/\/www.loveandwander.nl\/de\/wp-json\/wp\/v2\/media?parent=14680"}],"wp:term":[{"taxonomy":"product_brand","embeddable":true,"href":"https:\/\/www.loveandwander.nl\/de\/wp-json\/wp\/v2\/product_brand?post=14680"},{"taxonomy":"product_cat","embeddable":true,"href":"https:\/\/www.loveandwander.nl\/de\/wp-json\/wp\/v2\/product_cat?post=14680"},{"taxonomy":"product_tag","embeddable":true,"href":"https:\/\/www.loveandwander.nl\/de\/wp-json\/wp\/v2\/product_tag?post=14680"}],"curies":[{"name":"wp","href":"https:\/\/api.w.org\/{rel}","templated":true}]}}