{"id":14668,"date":"2024-09-19T08:44:31","date_gmt":"2024-09-19T06:44:31","guid":{"rendered":"https:\/\/www.loveandwander.nl\/?post_type=product&#038;p=14668"},"modified":"2026-04-01T12:03:01","modified_gmt":"2026-04-01T10:03:01","slug":"kleid-jett-grun","status":"publish","type":"product","link":"https:\/\/www.loveandwander.nl\/de\/produkt\/kleid-jett-grun\/","title":{"rendered":"Kleid Jett Gr\u00fcn"},"content":{"rendered":"","protected":false},"excerpt":{"rendered":"<p id=\"tw-target-text\" class=\"tw-data-text tw-text-large tw-ta\" dir=\"ltr\" data-placeholder=\"Vertaling\" data-ved=\"2ahUKEwi1_92hos2IAxWVhv0HHYjhPAkQ3ewLegQIBxAU\" aria-label=\"Translated text: Ein wundersch\u00f6nes Kleid voller sch\u00f6ner Details! Der Rock hat stilvolle Falten, R\u00fcschen an den Schultern und einen G\u00fcrtel zur Betonung der Taille. Das Kleid hat ein Unterkleid, das etwa [L\u00e4nge einf\u00fcgen] erreicht. Auch als Umstandskleid passt es wunderbar und hat eine bequeme Passform. Die Gr\u00f6\u00dfe ist Einheitsgr\u00f6\u00dfe und f\u00fcr die Gr\u00f6\u00dfen XS bis L geeignet.\"><span class=\"Y2IQFc\" lang=\"de\">Ein wundersch\u00f6nes Kleid voller sch\u00f6ner Details! Der Rock hat stilvolle Falten, R\u00fcschen an den Schultern und einen G\u00fcrtel zur Betonung der Taille. Das Kleid hat ein Unterkleid,<br \/>\ndas etwa bis zum knie reicht. Auch als Umstandskleid passt es wunderbar und hat eine bequeme Passform. Die Gr\u00f6\u00dfe ist Einheitsgr\u00f6\u00dfe und f\u00fcr die Gr\u00f6\u00dfen XS bis L geeignet.<\/span><\/p>\n<p>_______<\/p>\n<p id=\"tw-target-text\" class=\"tw-data-text tw-text-large tw-ta\" dir=\"ltr\" data-placeholder=\"Vertaling\" aria-label=\"Vertaalde tekst\" data-ved=\"2ahUKEwjyl5zQ_8aIAxXb87sIHbTWITwQ3ewLegQIBxAU\"><span class=\"Y2IQFc\" lang=\"de\">Die schwangere Frau auf dem Foto ist 1,55 gro\u00df und hat Gr\u00f6\u00dfe S<\/span><\/p>\n<p class=\"tw-data-text tw-text-large tw-ta\" dir=\"ltr\" data-placeholder=\"Vertaling\" aria-label=\"Vertaalde tekst\" data-ved=\"2ahUKEwjyl5zQ_8aIAxXb87sIHbTWITwQ3ewLegQIBxAU\"><span class=\"Y2IQFc\" lang=\"de\">Die Frau auf dem Foto mit dunkelblonden Haaren ist 1,60 gro\u00df und tr\u00e4gt Gr\u00f6\u00dfe XS\/S<\/span><\/p>\n","protected":false},"featured_media":14466,"comment_status":"open","ping_status":"closed","template":"","meta":{"content-type":""},"product_brand":[],"product_cat":[209,390],"product_tag":[],"class_list":{"0":"post-14668","1":"product","2":"type-product","3":"status-publish","4":"has-post-thumbnail","6":"product_cat-kleider","7":"product_cat-umstandskleider","8":"pa_kleur-grun","10":"first","11":"outofstock","12":"taxable","13":"shipping-taxable","14":"purchasable","15":"product-type-simple"},"aioseo_notices":[],"_links":{"self":[{"href":"https:\/\/www.loveandwander.nl\/de\/wp-json\/wp\/v2\/product\/14668","targetHints":{"allow":["GET"]}}],"collection":[{"href":"https:\/\/www.loveandwander.nl\/de\/wp-json\/wp\/v2\/product"}],"about":[{"href":"https:\/\/www.loveandwander.nl\/de\/wp-json\/wp\/v2\/types\/product"}],"replies":[{"embeddable":true,"href":"https:\/\/www.loveandwander.nl\/de\/wp-json\/wp\/v2\/comments?post=14668"}],"wp:featuredmedia":[{"embeddable":true,"href":"https:\/\/www.loveandwander.nl\/de\/wp-json\/wp\/v2\/media\/14466"}],"wp:attachment":[{"href":"https:\/\/www.loveandwander.nl\/de\/wp-json\/wp\/v2\/media?parent=14668"}],"wp:term":[{"taxonomy":"product_brand","embeddable":true,"href":"https:\/\/www.loveandwander.nl\/de\/wp-json\/wp\/v2\/product_brand?post=14668"},{"taxonomy":"product_cat","embeddable":true,"href":"https:\/\/www.loveandwander.nl\/de\/wp-json\/wp\/v2\/product_cat?post=14668"},{"taxonomy":"product_tag","embeddable":true,"href":"https:\/\/www.loveandwander.nl\/de\/wp-json\/wp\/v2\/product_tag?post=14668"}],"curies":[{"name":"wp","href":"https:\/\/api.w.org\/{rel}","templated":true}]}}