{"id":14350,"date":"2024-09-16T11:40:15","date_gmt":"2024-09-16T09:40:15","guid":{"rendered":"https:\/\/www.loveandwander.nl\/?post_type=product&#038;p=14350"},"modified":"2024-10-15T15:38:48","modified_gmt":"2024-10-15T13:38:48","slug":"kleid-lara-rust","status":"publish","type":"product","link":"https:\/\/www.loveandwander.nl\/de\/produkt\/kleid-lara-rust\/","title":{"rendered":"Kleid Lara Rust"},"content":{"rendered":"","protected":false},"excerpt":{"rendered":"<p class=\"p1\">Sch\u00f6nes lang\u00e4rmeliges Kleid. Dieses Kleid ist dem Astrantia-Kleid sehr \u00e4hnlich, nur hat es keinen Schlitz am unteren Ende. Super h\u00fcbsch auch als Umstandskleid. Es ist in verschiedenen Farben erh\u00e4ltlich. Die Gr\u00f6\u00dfe ist eine Einheitsgr\u00f6\u00dfe und kann von Gr\u00f6\u00dfe XS bis L getragen werden.<\/p>\n<p>_______<\/p>\n<p id=\"tw-target-text\" class=\"tw-data-text tw-text-large tw-ta\" dir=\"ltr\" data-placeholder=\"Vertaling\" aria-label=\"Vertaalde tekst\" data-ved=\"2ahUKEwjyl5zQ_8aIAxXb87sIHbTWITwQ3ewLegQIBxAU\"><span class=\"Y2IQFc\" lang=\"de\">Die schwangere Frau auf dem Foto ist 1,55 gro\u00df und hat Gr\u00f6\u00dfe S <\/span><\/p>\n<p class=\"tw-data-text tw-text-large tw-ta\" dir=\"ltr\" data-placeholder=\"Vertaling\" aria-label=\"Vertaalde tekst\" data-ved=\"2ahUKEwjyl5zQ_8aIAxXb87sIHbTWITwQ3ewLegQIBxAU\"><span class=\"Y2IQFc\" lang=\"de\">Die Frau auf dem Foto mit dunkelblonden Haaren ist 1,60 gro\u00df und tr\u00e4gt Gr\u00f6\u00dfe XS\/S<\/span><\/p>\n","protected":false},"featured_media":14352,"comment_status":"open","ping_status":"closed","template":"","meta":{"content-type":""},"product_brand":[],"product_cat":[209,400,390],"product_tag":[],"class_list":{"0":"post-14350","1":"product","2":"type-product","3":"status-publish","4":"has-post-thumbnail","6":"product_cat-kleider","7":"product_cat-lara-de","8":"product_cat-umstandskleider","9":"pa_kleur-rost","11":"first","12":"instock","13":"taxable","14":"shipping-taxable","15":"purchasable","16":"product-type-simple"},"aioseo_notices":[],"_links":{"self":[{"href":"https:\/\/www.loveandwander.nl\/de\/wp-json\/wp\/v2\/product\/14350","targetHints":{"allow":["GET"]}}],"collection":[{"href":"https:\/\/www.loveandwander.nl\/de\/wp-json\/wp\/v2\/product"}],"about":[{"href":"https:\/\/www.loveandwander.nl\/de\/wp-json\/wp\/v2\/types\/product"}],"replies":[{"embeddable":true,"href":"https:\/\/www.loveandwander.nl\/de\/wp-json\/wp\/v2\/comments?post=14350"}],"wp:featuredmedia":[{"embeddable":true,"href":"https:\/\/www.loveandwander.nl\/de\/wp-json\/wp\/v2\/media\/14352"}],"wp:attachment":[{"href":"https:\/\/www.loveandwander.nl\/de\/wp-json\/wp\/v2\/media?parent=14350"}],"wp:term":[{"taxonomy":"product_brand","embeddable":true,"href":"https:\/\/www.loveandwander.nl\/de\/wp-json\/wp\/v2\/product_brand?post=14350"},{"taxonomy":"product_cat","embeddable":true,"href":"https:\/\/www.loveandwander.nl\/de\/wp-json\/wp\/v2\/product_cat?post=14350"},{"taxonomy":"product_tag","embeddable":true,"href":"https:\/\/www.loveandwander.nl\/de\/wp-json\/wp\/v2\/product_tag?post=14350"}],"curies":[{"name":"wp","href":"https:\/\/api.w.org\/{rel}","templated":true}]}}