{"id":13628,"date":"2024-06-13T14:05:04","date_gmt":"2024-06-13T12:05:04","guid":{"rendered":"https:\/\/www.loveandwander.nl\/?post_type=product&#038;p=13628"},"modified":"2025-11-19T23:38:01","modified_gmt":"2025-11-19T22:38:01","slug":"kleid-maddie-rust","status":"publish","type":"product","link":"https:\/\/www.loveandwander.nl\/de\/produkt\/kleid-maddie-rust\/","title":{"rendered":"Kleid Maddie Rust"},"content":{"rendered":"","protected":false},"excerpt":{"rendered":"<pre id=\"tw-target-text\" class=\"tw-data-text tw-text-large tw-ta\" dir=\"ltr\" data-placeholder=\"Vertaling\" aria-label=\"Vertaalde tekst\" data-ved=\"2ahUKEwjytqW9qtiGAxXvhf0HHYmpD2IQ3ewLegQICBAU\"><span class=\"Y2IQFc\" lang=\"de\">Sehr sch\u00f6nes, bequemes langes Kleid aus Musselin. Sehr sch\u00f6nes Kleid f\u00fcr den Sommer, ein Fotoshooting oder f\u00fcr eine Party. Das Kleid kann auch sehr gut als Umstandskleid getragen \r\nwerden. \u00c4rmel k\u00f6nnen \u00fcber der Schulter oder schulterfrei getragen werden. Gr\u00f6\u00dfe ist Einheitsgr\u00f6\u00dfe und kann von Gr\u00f6\u00dfe XS bis M getragen werden.\u00a0\r\n\r\n______________________\r\n\r\nDie Frau auf dem Foto ist 1,60 gro\u00df und hat Gr\u00f6\u00dfe XS\r\n\r\nMaterial des Kleides ist 100 % Baumwolle<\/span><\/pre>\n","protected":false},"featured_media":13606,"comment_status":"open","ping_status":"closed","template":"","meta":{"content-type":""},"product_brand":[],"product_cat":[209,390],"product_tag":[],"class_list":{"0":"post-13628","1":"product","2":"type-product","3":"status-publish","4":"has-post-thumbnail","6":"product_cat-kleider","7":"product_cat-umstandskleider","8":"pa_kleur-rost","10":"first","11":"instock","12":"taxable","13":"shipping-taxable","14":"purchasable","15":"product-type-simple"},"aioseo_notices":[],"_links":{"self":[{"href":"https:\/\/www.loveandwander.nl\/de\/wp-json\/wp\/v2\/product\/13628","targetHints":{"allow":["GET"]}}],"collection":[{"href":"https:\/\/www.loveandwander.nl\/de\/wp-json\/wp\/v2\/product"}],"about":[{"href":"https:\/\/www.loveandwander.nl\/de\/wp-json\/wp\/v2\/types\/product"}],"replies":[{"embeddable":true,"href":"https:\/\/www.loveandwander.nl\/de\/wp-json\/wp\/v2\/comments?post=13628"}],"wp:featuredmedia":[{"embeddable":true,"href":"https:\/\/www.loveandwander.nl\/de\/wp-json\/wp\/v2\/media\/13606"}],"wp:attachment":[{"href":"https:\/\/www.loveandwander.nl\/de\/wp-json\/wp\/v2\/media?parent=13628"}],"wp:term":[{"taxonomy":"product_brand","embeddable":true,"href":"https:\/\/www.loveandwander.nl\/de\/wp-json\/wp\/v2\/product_brand?post=13628"},{"taxonomy":"product_cat","embeddable":true,"href":"https:\/\/www.loveandwander.nl\/de\/wp-json\/wp\/v2\/product_cat?post=13628"},{"taxonomy":"product_tag","embeddable":true,"href":"https:\/\/www.loveandwander.nl\/de\/wp-json\/wp\/v2\/product_tag?post=13628"}],"curies":[{"name":"wp","href":"https:\/\/api.w.org\/{rel}","templated":true}]}}