{"id":12881,"date":"2024-04-23T22:31:45","date_gmt":"2024-04-23T20:31:45","guid":{"rendered":"https:\/\/www.loveandwander.nl\/?post_type=product&#038;p=12881"},"modified":"2025-03-02T11:50:09","modified_gmt":"2025-03-02T10:50:09","slug":"kleid-nea-rust","status":"publish","type":"product","link":"https:\/\/www.loveandwander.nl\/de\/produkt\/kleid-nea-rust\/","title":{"rendered":"Kleid Nea Rust"},"content":{"rendered":"","protected":false},"excerpt":{"rendered":"<p class=\"p1\">Super sch\u00f6nes langes Kleid mit Falten im Rock und an den \u00c4rmeln. Das Kleid f\u00e4llt sehr sch\u00f6n und ist auch als Umstandskleid geeignet. Sehr h\u00fcbsch f\u00fcr ein Fotoshooting, f\u00fcr eine Party oder einfach so zu tragen. Du kannst es mit coolen Stiefeln, Turnschuhen oder einem Absatz kombinieren. Die Gr\u00f6\u00dfe ist eine Einheitsgr\u00f6\u00dfe und kann von Gr\u00f6\u00dfe XS bis L getragen werden.<\/p>\n<p>______________________<\/p>\n<p>&nbsp;<\/p>\n<p>&nbsp;<\/p>\n","protected":false},"featured_media":12736,"comment_status":"open","ping_status":"closed","template":"","meta":{"content-type":""},"product_brand":[],"product_cat":[209,398,390],"product_tag":[],"class_list":{"0":"post-12881","1":"product","2":"type-product","3":"status-publish","4":"has-post-thumbnail","6":"product_cat-kleider","7":"product_cat-nea-de","8":"product_cat-umstandskleider","9":"pa_kleur-rost","11":"first","12":"onbackorder","13":"taxable","14":"shipping-taxable","15":"purchasable","16":"product-type-simple"},"aioseo_notices":[],"_links":{"self":[{"href":"https:\/\/www.loveandwander.nl\/de\/wp-json\/wp\/v2\/product\/12881","targetHints":{"allow":["GET"]}}],"collection":[{"href":"https:\/\/www.loveandwander.nl\/de\/wp-json\/wp\/v2\/product"}],"about":[{"href":"https:\/\/www.loveandwander.nl\/de\/wp-json\/wp\/v2\/types\/product"}],"replies":[{"embeddable":true,"href":"https:\/\/www.loveandwander.nl\/de\/wp-json\/wp\/v2\/comments?post=12881"}],"wp:featuredmedia":[{"embeddable":true,"href":"https:\/\/www.loveandwander.nl\/de\/wp-json\/wp\/v2\/media\/12736"}],"wp:attachment":[{"href":"https:\/\/www.loveandwander.nl\/de\/wp-json\/wp\/v2\/media?parent=12881"}],"wp:term":[{"taxonomy":"product_brand","embeddable":true,"href":"https:\/\/www.loveandwander.nl\/de\/wp-json\/wp\/v2\/product_brand?post=12881"},{"taxonomy":"product_cat","embeddable":true,"href":"https:\/\/www.loveandwander.nl\/de\/wp-json\/wp\/v2\/product_cat?post=12881"},{"taxonomy":"product_tag","embeddable":true,"href":"https:\/\/www.loveandwander.nl\/de\/wp-json\/wp\/v2\/product_tag?post=12881"}],"curies":[{"name":"wp","href":"https:\/\/api.w.org\/{rel}","templated":true}]}}