{"id":12233,"date":"2021-05-23T18:26:37","date_gmt":"2021-05-23T16:26:37","guid":{"rendered":"https:\/\/www.loveandwander.nl\/product\/kleid-jasmine-brown\/"},"modified":"2025-09-21T09:26:03","modified_gmt":"2025-09-21T07:26:03","slug":"kleid-jasmine-braun","status":"publish","type":"product","link":"https:\/\/www.loveandwander.nl\/de\/produkt\/kleid-jasmine-braun\/","title":{"rendered":"Kleid Jasmine Braun"},"content":{"rendered":"","protected":false},"excerpt":{"rendered":"<p>Sehr feines, geschmeidiges Kleid mit einem sch\u00f6nen Detail an den \u00c4rmeln. Das Kleid hat einen Gummizug in der Taille und ist eine Einheitsgr\u00f6\u00dfe, kann also von Gr\u00f6\u00dfe XS bis L getragen werden. Mit dem G\u00fcrtel kann es auch in der Taille enger gekn\u00f6pft werden. Zu tragen, wenn Sie schwanger sind, aber auch wenn Sie nicht schwanger sind.<\/p>\n","protected":false},"featured_media":12828,"comment_status":"open","ping_status":"closed","template":"","meta":{"content-type":""},"product_brand":[],"product_cat":[427,390],"product_tag":[],"class_list":{"0":"post-12233","1":"product","2":"type-product","3":"status-publish","4":"has-post-thumbnail","6":"product_cat-jasmin","7":"product_cat-umstandskleider","9":"first","10":"onbackorder","11":"taxable","12":"shipping-taxable","13":"purchasable","14":"product-type-simple"},"aioseo_notices":[],"_links":{"self":[{"href":"https:\/\/www.loveandwander.nl\/de\/wp-json\/wp\/v2\/product\/12233","targetHints":{"allow":["GET"]}}],"collection":[{"href":"https:\/\/www.loveandwander.nl\/de\/wp-json\/wp\/v2\/product"}],"about":[{"href":"https:\/\/www.loveandwander.nl\/de\/wp-json\/wp\/v2\/types\/product"}],"replies":[{"embeddable":true,"href":"https:\/\/www.loveandwander.nl\/de\/wp-json\/wp\/v2\/comments?post=12233"}],"wp:featuredmedia":[{"embeddable":true,"href":"https:\/\/www.loveandwander.nl\/de\/wp-json\/wp\/v2\/media\/12828"}],"wp:attachment":[{"href":"https:\/\/www.loveandwander.nl\/de\/wp-json\/wp\/v2\/media?parent=12233"}],"wp:term":[{"taxonomy":"product_brand","embeddable":true,"href":"https:\/\/www.loveandwander.nl\/de\/wp-json\/wp\/v2\/product_brand?post=12233"},{"taxonomy":"product_cat","embeddable":true,"href":"https:\/\/www.loveandwander.nl\/de\/wp-json\/wp\/v2\/product_cat?post=12233"},{"taxonomy":"product_tag","embeddable":true,"href":"https:\/\/www.loveandwander.nl\/de\/wp-json\/wp\/v2\/product_tag?post=12233"}],"curies":[{"name":"wp","href":"https:\/\/api.w.org\/{rel}","templated":true}]}}