{"id":12232,"date":"2021-12-16T22:08:18","date_gmt":"2021-12-16T21:08:18","guid":{"rendered":"https:\/\/www.loveandwander.nl\/product\/kleid-jasmine-gruen\/"},"modified":"2025-08-05T16:39:25","modified_gmt":"2025-08-05T14:39:25","slug":"kleid-jasmine-gruen","status":"publish","type":"product","link":"https:\/\/www.loveandwander.nl\/de\/produkt\/kleid-jasmine-gruen\/","title":{"rendered":"Kleid Jasmine Gr\u00fcn"},"content":{"rendered":"","protected":false},"excerpt":{"rendered":"<p>Sehr feines, geschmeidiges Kleid mit einem sch\u00f6nen Detail an den \u00c4rmeln. Das Kleid hat einen Gummizug in der Taille und ist eine Einheitsgr\u00f6\u00dfe, kann also von Gr\u00f6\u00dfe XS bis L getragen werden. Mit dem G\u00fcrtel kann es auch in der Taille enger gekn\u00f6pft werden. Zu tragen, wenn Sie schwanger sind, aber auch wenn Sie nicht schwanger sind. Die Farbe ist etwas dunkler als auf dem Bild.<\/p>\n<p>Das Kleid ist 140 cm lang.<\/p>\n","protected":false},"featured_media":12834,"comment_status":"open","ping_status":"closed","template":"","meta":{"content-type":""},"product_brand":[],"product_cat":[427,390],"product_tag":[],"class_list":{"0":"post-12232","1":"product","2":"type-product","3":"status-publish","4":"has-post-thumbnail","6":"product_cat-jasmin","7":"product_cat-umstandskleider","8":"pa_kleur-grun","10":"first","11":"onbackorder","12":"taxable","13":"shipping-taxable","14":"purchasable","15":"product-type-simple"},"aioseo_notices":[],"_links":{"self":[{"href":"https:\/\/www.loveandwander.nl\/de\/wp-json\/wp\/v2\/product\/12232","targetHints":{"allow":["GET"]}}],"collection":[{"href":"https:\/\/www.loveandwander.nl\/de\/wp-json\/wp\/v2\/product"}],"about":[{"href":"https:\/\/www.loveandwander.nl\/de\/wp-json\/wp\/v2\/types\/product"}],"replies":[{"embeddable":true,"href":"https:\/\/www.loveandwander.nl\/de\/wp-json\/wp\/v2\/comments?post=12232"}],"wp:featuredmedia":[{"embeddable":true,"href":"https:\/\/www.loveandwander.nl\/de\/wp-json\/wp\/v2\/media\/12834"}],"wp:attachment":[{"href":"https:\/\/www.loveandwander.nl\/de\/wp-json\/wp\/v2\/media?parent=12232"}],"wp:term":[{"taxonomy":"product_brand","embeddable":true,"href":"https:\/\/www.loveandwander.nl\/de\/wp-json\/wp\/v2\/product_brand?post=12232"},{"taxonomy":"product_cat","embeddable":true,"href":"https:\/\/www.loveandwander.nl\/de\/wp-json\/wp\/v2\/product_cat?post=12232"},{"taxonomy":"product_tag","embeddable":true,"href":"https:\/\/www.loveandwander.nl\/de\/wp-json\/wp\/v2\/product_tag?post=12232"}],"curies":[{"name":"wp","href":"https:\/\/api.w.org\/{rel}","templated":true}]}}