{"id":12227,"date":"2023-01-11T23:03:26","date_gmt":"2023-01-11T22:03:26","guid":{"rendered":"https:\/\/www.loveandwander.nl\/product\/kleid-kornblume-rostbraun\/"},"modified":"2026-04-10T16:07:49","modified_gmt":"2026-04-10T14:07:49","slug":"kleid-cornflower-rostbraun","status":"publish","type":"product","link":"https:\/\/www.loveandwander.nl\/de\/produkt\/kleid-cornflower-rostbraun\/","title":{"rendered":"Kleid Cornflower Rostbraun"},"content":{"rendered":"","protected":false},"excerpt":{"rendered":"<p class=\"p1\">Sch\u00f6nes langes Kleid in der Farbe beige. Das Kleid hat lange \u00c4rmel und enth\u00e4lt ein Unterkleid. Es kann sowohl von Schwangeren als auch von Nichtschwangeren getragen werden. Sehr h\u00fcbsch f\u00fcr Herbst\/Winter, f\u00fcr eine Party oder f\u00fcr ein Fotoshooting. Die Gr\u00f6\u00dfe ist eine Einheitsgr\u00f6\u00dfe und kann f\u00fcr die Gr\u00f6\u00dfen XS bis L getragen werden.<\/p>\n<p class=\"p1\">L\u00e4nge des Kleides: 132cm<span class=\"Apple-converted-space\"> gemessen ab Schulter<\/span><\/p>\n<p class=\"p1\">Material des Kleides: 95% Viskose 5% Elastan<\/p>\n<p>____________<\/p>\n<p>Die Frau auf dem Bild ist 1,70 und hat Gr\u00f6\u00dfe M\/L<\/p>\n","protected":false},"featured_media":7092,"comment_status":"open","ping_status":"closed","template":"","meta":{"content-type":""},"product_brand":[],"product_cat":[209,435,390],"product_tag":[],"class_list":{"0":"post-12227","1":"product","2":"type-product","3":"status-publish","4":"has-post-thumbnail","6":"product_cat-kleider","7":"product_cat-kornblume","8":"product_cat-umstandskleider","10":"first","11":"instock","12":"taxable","13":"shipping-taxable","14":"purchasable","15":"product-type-simple"},"aioseo_notices":[],"_links":{"self":[{"href":"https:\/\/www.loveandwander.nl\/de\/wp-json\/wp\/v2\/product\/12227","targetHints":{"allow":["GET"]}}],"collection":[{"href":"https:\/\/www.loveandwander.nl\/de\/wp-json\/wp\/v2\/product"}],"about":[{"href":"https:\/\/www.loveandwander.nl\/de\/wp-json\/wp\/v2\/types\/product"}],"replies":[{"embeddable":true,"href":"https:\/\/www.loveandwander.nl\/de\/wp-json\/wp\/v2\/comments?post=12227"}],"wp:featuredmedia":[{"embeddable":true,"href":"https:\/\/www.loveandwander.nl\/de\/wp-json\/wp\/v2\/media\/7092"}],"wp:attachment":[{"href":"https:\/\/www.loveandwander.nl\/de\/wp-json\/wp\/v2\/media?parent=12227"}],"wp:term":[{"taxonomy":"product_brand","embeddable":true,"href":"https:\/\/www.loveandwander.nl\/de\/wp-json\/wp\/v2\/product_brand?post=12227"},{"taxonomy":"product_cat","embeddable":true,"href":"https:\/\/www.loveandwander.nl\/de\/wp-json\/wp\/v2\/product_cat?post=12227"},{"taxonomy":"product_tag","embeddable":true,"href":"https:\/\/www.loveandwander.nl\/de\/wp-json\/wp\/v2\/product_tag?post=12227"}],"curies":[{"name":"wp","href":"https:\/\/api.w.org\/{rel}","templated":true}]}}