{"id":12225,"date":"2021-05-23T18:22:00","date_gmt":"2021-05-23T16:22:00","guid":{"rendered":"https:\/\/www.loveandwander.nl\/product\/kleid-jasmine-beige\/"},"modified":"2025-11-25T11:54:03","modified_gmt":"2025-11-25T10:54:03","slug":"kleid-jasmine-beige","status":"publish","type":"product","link":"https:\/\/www.loveandwander.nl\/de\/produkt\/kleid-jasmine-beige\/","title":{"rendered":"Kleid Jasmine Beige"},"content":{"rendered":"","protected":false},"excerpt":{"rendered":"<p>Sehr feines, geschmeidiges Kleid mit einem sch\u00f6nen Detail an den \u00c4rmeln. Das Kleid hat einen Gummizug in der Taille und ist eine Einheitsgr\u00f6\u00dfe, kann also von Gr\u00f6\u00dfe XS bis L getragen werden. Mit dem G\u00fcrtel kann es auch in der Taille enger gekn\u00f6pft werden. Zu tragen, wenn Sie schwanger sind, aber auch wenn Sie nicht schwanger sind.<\/p>\n<p>Das Kleid ist 140 cm lang.<\/p>\n","protected":false},"featured_media":12822,"comment_status":"open","ping_status":"closed","template":"","meta":{"content-type":""},"product_brand":[],"product_cat":[427,390],"product_tag":[],"class_list":{"0":"post-12225","1":"product","2":"type-product","3":"status-publish","4":"has-post-thumbnail","6":"product_cat-jasmin","7":"product_cat-umstandskleider","9":"first","10":"outofstock","11":"taxable","12":"shipping-taxable","13":"purchasable","14":"product-type-simple"},"aioseo_notices":[],"_links":{"self":[{"href":"https:\/\/www.loveandwander.nl\/de\/wp-json\/wp\/v2\/product\/12225","targetHints":{"allow":["GET"]}}],"collection":[{"href":"https:\/\/www.loveandwander.nl\/de\/wp-json\/wp\/v2\/product"}],"about":[{"href":"https:\/\/www.loveandwander.nl\/de\/wp-json\/wp\/v2\/types\/product"}],"replies":[{"embeddable":true,"href":"https:\/\/www.loveandwander.nl\/de\/wp-json\/wp\/v2\/comments?post=12225"}],"wp:featuredmedia":[{"embeddable":true,"href":"https:\/\/www.loveandwander.nl\/de\/wp-json\/wp\/v2\/media\/12822"}],"wp:attachment":[{"href":"https:\/\/www.loveandwander.nl\/de\/wp-json\/wp\/v2\/media?parent=12225"}],"wp:term":[{"taxonomy":"product_brand","embeddable":true,"href":"https:\/\/www.loveandwander.nl\/de\/wp-json\/wp\/v2\/product_brand?post=12225"},{"taxonomy":"product_cat","embeddable":true,"href":"https:\/\/www.loveandwander.nl\/de\/wp-json\/wp\/v2\/product_cat?post=12225"},{"taxonomy":"product_tag","embeddable":true,"href":"https:\/\/www.loveandwander.nl\/de\/wp-json\/wp\/v2\/product_tag?post=12225"}],"curies":[{"name":"wp","href":"https:\/\/api.w.org\/{rel}","templated":true}]}}