{"id":12219,"date":"2022-06-26T14:29:55","date_gmt":"2022-06-26T12:29:55","guid":{"rendered":"https:\/\/www.loveandwander.nl\/product\/kleid-zinnia-gruen\/"},"modified":"2024-09-19T15:39:59","modified_gmt":"2024-09-19T13:39:59","slug":"kleid-zinnia-gruen","status":"publish","type":"product","link":"https:\/\/www.loveandwander.nl\/de\/produkt\/kleid-zinnia-gruen\/","title":{"rendered":"Kleid Zinnia Gr\u00fcn"},"content":{"rendered":"","protected":false},"excerpt":{"rendered":"<p>Sehr sch\u00f6nes langes Basiskleid in vier sch\u00f6nen Farben. Das Kleid ist eine Einheitsgr\u00f6\u00dfe und passt gut von Gr\u00f6\u00dfe XS bis L. Das Kleid hat einen Gummizug in der Taille, so dass es sich gut auf jede Gr\u00f6\u00dfe dehnen l\u00e4sst. Au\u00dferdem sitzt es sehr gut und ist auch in der Schwangerschaft gut zu tragen. Die Farbe ist etwas heller als auf diesen Fotos.<\/p>\n<p>&nbsp;<\/p>\n<p>__________<\/p>\n<p>Die Frau auf dem Bild mit den dunklen langen Haaren ist 1,65 gro\u00df und hat Gr\u00f6\u00dfe M\/L<\/p>\n<p>Die Frau auf dem Bild mit k\u00fcrzeren dunklen Haaren ist 1,60 gro\u00df und hat Gr\u00f6\u00dfe XS\/S<\/p>\n","protected":false},"featured_media":12864,"comment_status":"open","ping_status":"closed","template":"","meta":{"content-type":""},"product_brand":[],"product_cat":[209,390,430],"product_tag":[],"class_list":{"0":"post-12219","1":"product","2":"type-product","3":"status-publish","4":"has-post-thumbnail","6":"product_cat-kleider","7":"product_cat-umstandskleider","8":"product_cat-zinnie","9":"pa_kleur-grun","11":"first","12":"instock","13":"taxable","14":"shipping-taxable","15":"purchasable","16":"product-type-simple"},"aioseo_notices":[],"_links":{"self":[{"href":"https:\/\/www.loveandwander.nl\/de\/wp-json\/wp\/v2\/product\/12219","targetHints":{"allow":["GET"]}}],"collection":[{"href":"https:\/\/www.loveandwander.nl\/de\/wp-json\/wp\/v2\/product"}],"about":[{"href":"https:\/\/www.loveandwander.nl\/de\/wp-json\/wp\/v2\/types\/product"}],"replies":[{"embeddable":true,"href":"https:\/\/www.loveandwander.nl\/de\/wp-json\/wp\/v2\/comments?post=12219"}],"wp:featuredmedia":[{"embeddable":true,"href":"https:\/\/www.loveandwander.nl\/de\/wp-json\/wp\/v2\/media\/12864"}],"wp:attachment":[{"href":"https:\/\/www.loveandwander.nl\/de\/wp-json\/wp\/v2\/media?parent=12219"}],"wp:term":[{"taxonomy":"product_brand","embeddable":true,"href":"https:\/\/www.loveandwander.nl\/de\/wp-json\/wp\/v2\/product_brand?post=12219"},{"taxonomy":"product_cat","embeddable":true,"href":"https:\/\/www.loveandwander.nl\/de\/wp-json\/wp\/v2\/product_cat?post=12219"},{"taxonomy":"product_tag","embeddable":true,"href":"https:\/\/www.loveandwander.nl\/de\/wp-json\/wp\/v2\/product_tag?post=12219"}],"curies":[{"name":"wp","href":"https:\/\/api.w.org\/{rel}","templated":true}]}}