{"id":12209,"date":"2023-04-03T21:58:04","date_gmt":"2023-04-03T19:58:04","guid":{"rendered":"https:\/\/www.loveandwander.nl\/product\/kleid-jasmine-dunkelbraun\/"},"modified":"2024-09-22T15:12:58","modified_gmt":"2024-09-22T13:12:58","slug":"kleid-jasmine-dunkelbraun","status":"publish","type":"product","link":"https:\/\/www.loveandwander.nl\/de\/produkt\/kleid-jasmine-dunkelbraun\/","title":{"rendered":"Kleid Jasmine Dunkelbraun"},"content":{"rendered":"","protected":false},"excerpt":{"rendered":"<p>Sehr feines, geschmeidiges Kleid mit einem sch\u00f6nen Detail an den \u00c4rmeln. Das Kleid hat einen Gummizug in der Taille und ist eine Einheitsgr\u00f6\u00dfe, kann also von Gr\u00f6\u00dfe XS bis L getragen werden. Mit dem G\u00fcrtel kann es auch in der Taille enger gekn\u00f6pft werden. Zu tragen, wenn Sie schwanger sind, aber auch wenn Sie nicht schwanger sind.<\/p>\n<p>______________<\/p>\n<p>Die abgebildete Frau ist 1,68 gro\u00df und tr\u00e4gt die Gr\u00f6\u00dfe M.<\/p>\n","protected":false},"featured_media":8710,"comment_status":"open","ping_status":"closed","template":"","meta":{"content-type":""},"product_brand":[],"product_cat":[427,390],"product_tag":[],"class_list":{"0":"post-12209","1":"product","2":"type-product","3":"status-publish","4":"has-post-thumbnail","6":"product_cat-jasmin","7":"product_cat-umstandskleider","8":"pa_kleur-braun","9":"pa_kleur-dunkelbraun","11":"first","12":"instock","13":"taxable","14":"shipping-taxable","15":"purchasable","16":"product-type-simple"},"aioseo_notices":[],"_links":{"self":[{"href":"https:\/\/www.loveandwander.nl\/de\/wp-json\/wp\/v2\/product\/12209","targetHints":{"allow":["GET"]}}],"collection":[{"href":"https:\/\/www.loveandwander.nl\/de\/wp-json\/wp\/v2\/product"}],"about":[{"href":"https:\/\/www.loveandwander.nl\/de\/wp-json\/wp\/v2\/types\/product"}],"replies":[{"embeddable":true,"href":"https:\/\/www.loveandwander.nl\/de\/wp-json\/wp\/v2\/comments?post=12209"}],"wp:featuredmedia":[{"embeddable":true,"href":"https:\/\/www.loveandwander.nl\/de\/wp-json\/wp\/v2\/media\/8710"}],"wp:attachment":[{"href":"https:\/\/www.loveandwander.nl\/de\/wp-json\/wp\/v2\/media?parent=12209"}],"wp:term":[{"taxonomy":"product_brand","embeddable":true,"href":"https:\/\/www.loveandwander.nl\/de\/wp-json\/wp\/v2\/product_brand?post=12209"},{"taxonomy":"product_cat","embeddable":true,"href":"https:\/\/www.loveandwander.nl\/de\/wp-json\/wp\/v2\/product_cat?post=12209"},{"taxonomy":"product_tag","embeddable":true,"href":"https:\/\/www.loveandwander.nl\/de\/wp-json\/wp\/v2\/product_tag?post=12209"}],"curies":[{"name":"wp","href":"https:\/\/api.w.org\/{rel}","templated":true}]}}