{"id":12202,"date":"2023-04-13T11:40:24","date_gmt":"2023-04-13T09:40:24","guid":{"rendered":"https:\/\/www.loveandwander.nl\/product\/mahonia-dunkelbraune-hose\/"},"modified":"2024-02-26T21:50:47","modified_gmt":"2024-02-26T20:50:47","slug":"mahonia-dunkelbraune-hose","status":"publish","type":"product","link":"https:\/\/www.loveandwander.nl\/de\/produkt\/mahonia-dunkelbraune-hose\/","title":{"rendered":"Mahonia dunkelbraune Hose"},"content":{"rendered":"","protected":false},"excerpt":{"rendered":"<p class=\"p1\">Super coole Schlaghosen, die wirklich bequem sind. Das ist eine dieser Hosen, die sich wie eine Jogginghose anf\u00fchlen und die man gar nicht mehr ausziehen m\u00f6chte. Diese k\u00f6nnen Sie auch noch zu Beginn der Schwangerschaft tragen. Er ist in einem sch\u00f6nen Samtbraun gehalten und in drei verschiedenen Gr\u00f6\u00dfen erh\u00e4ltlich.<span class=\"Apple-converted-space\"> <\/span><\/p>\n<p>__________<\/p>\n<p>Material der Hose: 95% Polyester und 5% Elastan<\/p>\n<p>Frau mit langen blonden Haaren ist 1,70 gro\u00df und hat Gr\u00f6\u00dfe M\/L<\/p>\n<p>Frau mit dunkelblondem Haar ist 1,62 gro\u00df und hat Gr\u00f6\u00dfe M\/L<\/p>\n","protected":false},"featured_media":8984,"comment_status":"open","ping_status":"closed","template":"","meta":{"content-type":""},"product_brand":[],"product_cat":[423,424],"product_tag":[],"class_list":{"0":"post-12202","1":"product","2":"type-product","3":"status-publish","4":"has-post-thumbnail","6":"product_cat-jumpsuits-de","7":"product_cat-mahonie","8":"pa_kleur-dunkelbraun","10":"first","11":"instock","12":"taxable","13":"shipping-taxable","14":"purchasable","15":"product-type-variable"},"aioseo_notices":[],"_links":{"self":[{"href":"https:\/\/www.loveandwander.nl\/de\/wp-json\/wp\/v2\/product\/12202","targetHints":{"allow":["GET"]}}],"collection":[{"href":"https:\/\/www.loveandwander.nl\/de\/wp-json\/wp\/v2\/product"}],"about":[{"href":"https:\/\/www.loveandwander.nl\/de\/wp-json\/wp\/v2\/types\/product"}],"replies":[{"embeddable":true,"href":"https:\/\/www.loveandwander.nl\/de\/wp-json\/wp\/v2\/comments?post=12202"}],"wp:featuredmedia":[{"embeddable":true,"href":"https:\/\/www.loveandwander.nl\/de\/wp-json\/wp\/v2\/media\/8984"}],"wp:attachment":[{"href":"https:\/\/www.loveandwander.nl\/de\/wp-json\/wp\/v2\/media?parent=12202"}],"wp:term":[{"taxonomy":"product_brand","embeddable":true,"href":"https:\/\/www.loveandwander.nl\/de\/wp-json\/wp\/v2\/product_brand?post=12202"},{"taxonomy":"product_cat","embeddable":true,"href":"https:\/\/www.loveandwander.nl\/de\/wp-json\/wp\/v2\/product_cat?post=12202"},{"taxonomy":"product_tag","embeddable":true,"href":"https:\/\/www.loveandwander.nl\/de\/wp-json\/wp\/v2\/product_tag?post=12202"}],"curies":[{"name":"wp","href":"https:\/\/api.w.org\/{rel}","templated":true}]}}