{"id":12201,"date":"2023-04-14T20:48:10","date_gmt":"2023-04-14T18:48:10","guid":{"rendered":"https:\/\/www.loveandwander.nl\/product\/kleid-tansy-beige\/"},"modified":"2026-03-16T12:15:44","modified_gmt":"2026-03-16T11:15:44","slug":"kleid-tansy-beige","status":"publish","type":"product","link":"https:\/\/www.loveandwander.nl\/de\/produkt\/kleid-tansy-beige\/","title":{"rendered":"Kleid Tansy Beige"},"content":{"rendered":"","protected":false},"excerpt":{"rendered":"<p class=\"p1\">Sehr h\u00fcbsches Basic-Kleid, das sich perfekt f\u00fcr ein Fotoshooting, eine Party oder einfach so tragen l\u00e4sst. Es ist in zwei Farben erh\u00e4ltlich und kann sowohl von Schwangeren als auch von Nicht-Schwangeren getragen werden. Die Gr\u00f6\u00dfe ist eine Einheitsgr\u00f6\u00dfe und kann von Gr\u00f6\u00dfe XS bis L getragen werden.<span class=\"Apple-converted-space\"> <\/span><\/p>\n<p class=\"p1\">______________<\/p>\n<p class=\"p1\">Die Frau auf dem Bild ist 1,60 und hat Gr\u00f6\u00dfe XS\/S<\/p>\n","protected":false},"featured_media":12874,"comment_status":"open","ping_status":"closed","template":"","meta":{"content-type":""},"product_brand":[],"product_cat":[209,421,390],"product_tag":[],"class_list":{"0":"post-12201","1":"product","2":"type-product","3":"status-publish","4":"has-post-thumbnail","6":"product_cat-kleider","7":"product_cat-tansy-de","8":"product_cat-umstandskleider","9":"pa_kleur-beige-de","11":"first","12":"instock","13":"taxable","14":"shipping-taxable","15":"purchasable","16":"product-type-simple"},"aioseo_notices":[],"_links":{"self":[{"href":"https:\/\/www.loveandwander.nl\/de\/wp-json\/wp\/v2\/product\/12201","targetHints":{"allow":["GET"]}}],"collection":[{"href":"https:\/\/www.loveandwander.nl\/de\/wp-json\/wp\/v2\/product"}],"about":[{"href":"https:\/\/www.loveandwander.nl\/de\/wp-json\/wp\/v2\/types\/product"}],"replies":[{"embeddable":true,"href":"https:\/\/www.loveandwander.nl\/de\/wp-json\/wp\/v2\/comments?post=12201"}],"wp:featuredmedia":[{"embeddable":true,"href":"https:\/\/www.loveandwander.nl\/de\/wp-json\/wp\/v2\/media\/12874"}],"wp:attachment":[{"href":"https:\/\/www.loveandwander.nl\/de\/wp-json\/wp\/v2\/media?parent=12201"}],"wp:term":[{"taxonomy":"product_brand","embeddable":true,"href":"https:\/\/www.loveandwander.nl\/de\/wp-json\/wp\/v2\/product_brand?post=12201"},{"taxonomy":"product_cat","embeddable":true,"href":"https:\/\/www.loveandwander.nl\/de\/wp-json\/wp\/v2\/product_cat?post=12201"},{"taxonomy":"product_tag","embeddable":true,"href":"https:\/\/www.loveandwander.nl\/de\/wp-json\/wp\/v2\/product_tag?post=12201"}],"curies":[{"name":"wp","href":"https:\/\/api.w.org\/{rel}","templated":true}]}}