{"id":12197,"date":"2023-04-13T13:10:14","date_gmt":"2023-04-13T11:10:14","guid":{"rendered":"https:\/\/www.loveandwander.nl\/product\/kleid-rowan-dunkelbraun\/"},"modified":"2024-02-26T21:50:42","modified_gmt":"2024-02-26T20:50:42","slug":"kleid-rowan-dunkelbraun","status":"publish","type":"product","link":"https:\/\/www.loveandwander.nl\/de\/produkt\/kleid-rowan-dunkelbraun\/","title":{"rendered":"Kleid Rowan Dunkelbraun"},"content":{"rendered":"","protected":false},"excerpt":{"rendered":"<p class=\"p1\">Das Dahlienkleid aber in kurz. Perfekt, wenn Sie bereits ein Fan dieses Kleides sind, aber es lieber etwas k\u00fcrzer h\u00e4tten \ud83d\ude09 es ist ein wirklich s\u00fc\u00dfes Kleid f\u00fcr Fr\u00fchling und Sommer. Hervorragend mit Turnschuhen oder einem sch\u00f6nen Slip-on zu kombinieren.<span class=\"Apple-converted-space\">  Er k\u00f6nnte etwas zu kurz sein, wenn Sie gr\u00f6\u00dfer als 1,65 sind.<\/span><\/p>\n<p>Material des Kleides: 95% Polyester und 5% Elastan<\/p>\n<p>__________________<\/p>\n<p>Die Frau auf dem Bild ist 1,68 und hat Gr\u00f6\u00dfe M<\/p>\n","protected":false},"featured_media":8960,"comment_status":"open","ping_status":"closed","template":"","meta":{"content-type":""},"product_brand":[],"product_cat":[210],"product_tag":[],"class_list":{"0":"post-12197","1":"product","2":"type-product","3":"status-publish","4":"has-post-thumbnail","6":"product_cat-sale-de","7":"pa_kleur-dunkelbraun","9":"first","10":"instock","11":"sale","12":"taxable","13":"shipping-taxable","14":"purchasable","15":"product-type-simple"},"aioseo_notices":[],"_links":{"self":[{"href":"https:\/\/www.loveandwander.nl\/de\/wp-json\/wp\/v2\/product\/12197","targetHints":{"allow":["GET"]}}],"collection":[{"href":"https:\/\/www.loveandwander.nl\/de\/wp-json\/wp\/v2\/product"}],"about":[{"href":"https:\/\/www.loveandwander.nl\/de\/wp-json\/wp\/v2\/types\/product"}],"replies":[{"embeddable":true,"href":"https:\/\/www.loveandwander.nl\/de\/wp-json\/wp\/v2\/comments?post=12197"}],"wp:featuredmedia":[{"embeddable":true,"href":"https:\/\/www.loveandwander.nl\/de\/wp-json\/wp\/v2\/media\/8960"}],"wp:attachment":[{"href":"https:\/\/www.loveandwander.nl\/de\/wp-json\/wp\/v2\/media?parent=12197"}],"wp:term":[{"taxonomy":"product_brand","embeddable":true,"href":"https:\/\/www.loveandwander.nl\/de\/wp-json\/wp\/v2\/product_brand?post=12197"},{"taxonomy":"product_cat","embeddable":true,"href":"https:\/\/www.loveandwander.nl\/de\/wp-json\/wp\/v2\/product_cat?post=12197"},{"taxonomy":"product_tag","embeddable":true,"href":"https:\/\/www.loveandwander.nl\/de\/wp-json\/wp\/v2\/product_tag?post=12197"}],"curies":[{"name":"wp","href":"https:\/\/api.w.org\/{rel}","templated":true}]}}