{"id":12196,"date":"2023-04-14T20:43:37","date_gmt":"2023-04-14T18:43:37","guid":{"rendered":"https:\/\/www.loveandwander.nl\/product\/kleid-amar-gruen\/"},"modified":"2025-12-03T00:29:16","modified_gmt":"2025-12-02T23:29:16","slug":"kleid-amar-gruen","status":"publish","type":"product","link":"https:\/\/www.loveandwander.nl\/de\/produkt\/kleid-amar-gruen\/","title":{"rendered":"Kleid Amar Gr\u00fcn"},"content":{"rendered":"","protected":false},"excerpt":{"rendered":"<p class=\"p1\">Sehr h\u00fcbsches gr\u00fcnes Kleid mit kurzen \u00c4rmeln und sch\u00f6nem Fall. Das Kleid ist sehr sch\u00f6n als Umstandskleid zu tragen, aber auch wenn Sie nicht sind. Sehr s\u00fc\u00dfes Kleid f\u00fcr ein Umstands-Fotoshooting, als Hochzeitsgast oder einfach so zu tragen. Bei k\u00e4lterem Wetter sehr sch\u00f6n mit einer Strickjacke und Turnschuhen\/Stiefeln zu kombinieren und im Sommer mit einer sch\u00f6nen Sandale. Die Gr\u00f6\u00dfe ist eine Einheitsgr\u00f6\u00dfe und kann von Gr\u00f6\u00dfe XS bis L getragen werden.<\/p>\n<p>&nbsp;<\/p>\n<p>__________________<\/p>\n<p>&nbsp;<\/p>\n<p>Die Frau auf dem Bild ist 1,60 und hat Gr\u00f6\u00dfe XS\/S<\/p>\n","protected":false},"featured_media":9032,"comment_status":"open","ping_status":"closed","template":"","meta":{"content-type":""},"product_brand":[],"product_cat":[209,419,390],"product_tag":[],"class_list":{"0":"post-12196","1":"product","2":"type-product","3":"status-publish","4":"has-post-thumbnail","6":"product_cat-kleider","7":"product_cat-amar-de-2","8":"product_cat-umstandskleider","10":"first","11":"instock","12":"taxable","13":"shipping-taxable","14":"purchasable","15":"product-type-simple"},"aioseo_notices":[],"_links":{"self":[{"href":"https:\/\/www.loveandwander.nl\/de\/wp-json\/wp\/v2\/product\/12196","targetHints":{"allow":["GET"]}}],"collection":[{"href":"https:\/\/www.loveandwander.nl\/de\/wp-json\/wp\/v2\/product"}],"about":[{"href":"https:\/\/www.loveandwander.nl\/de\/wp-json\/wp\/v2\/types\/product"}],"replies":[{"embeddable":true,"href":"https:\/\/www.loveandwander.nl\/de\/wp-json\/wp\/v2\/comments?post=12196"}],"wp:featuredmedia":[{"embeddable":true,"href":"https:\/\/www.loveandwander.nl\/de\/wp-json\/wp\/v2\/media\/9032"}],"wp:attachment":[{"href":"https:\/\/www.loveandwander.nl\/de\/wp-json\/wp\/v2\/media?parent=12196"}],"wp:term":[{"taxonomy":"product_brand","embeddable":true,"href":"https:\/\/www.loveandwander.nl\/de\/wp-json\/wp\/v2\/product_brand?post=12196"},{"taxonomy":"product_cat","embeddable":true,"href":"https:\/\/www.loveandwander.nl\/de\/wp-json\/wp\/v2\/product_cat?post=12196"},{"taxonomy":"product_tag","embeddable":true,"href":"https:\/\/www.loveandwander.nl\/de\/wp-json\/wp\/v2\/product_tag?post=12196"}],"curies":[{"name":"wp","href":"https:\/\/api.w.org\/{rel}","templated":true}]}}