{"id":12179,"date":"2023-07-24T11:49:44","date_gmt":"2023-07-24T09:49:44","guid":{"rendered":"https:\/\/www.loveandwander.nl\/product\/kleid-aire-beige\/"},"modified":"2026-05-08T20:36:24","modified_gmt":"2026-05-08T18:36:24","slug":"kleid-aire-beige","status":"publish","type":"product","link":"https:\/\/www.loveandwander.nl\/de\/produkt\/kleid-aire-beige\/","title":{"rendered":"Kleid Aire Beige"},"content":{"rendered":"","protected":false},"excerpt":{"rendered":"<p class=\"p1\">Ein wirklich sch\u00f6nes langes Kleid. Die \u00c4rmel sind besonders sch\u00f6n wegen des Details oben. Das Kleid ist unten an beiden Seiten geschlitzt, um einen sch\u00f6nen Effekt zu erzielen. Die Gr\u00f6\u00dfe ist eine Einheitsgr\u00f6\u00dfe und kann von Gr\u00f6\u00dfe XS bis XL getragen werden. Auch als Umstandskleid ist es sehr gut zu tragen.<span class=\"Apple-converted-space\"> Er ist in den Farben Rostbraun und Beige erh\u00e4ltlich. Die beige Variante kann bei dunkler Unterw\u00e4sche ein wenig durchscheinen. Dies l\u00e4sst sich gut durch das Tragen hautfarbener oder rosa\/roter Unterw\u00e4sche l\u00f6sen. <\/span><\/p>\n<p>__________________<\/p>\n<p>&nbsp;<\/p>\n<p>Frau auf dem Bild ist 1,60 und hat Gr\u00f6\u00dfe XS\/S<\/p>\n","protected":false},"featured_media":12748,"comment_status":"open","ping_status":"closed","template":"","meta":{"content-type":""},"product_brand":[],"product_cat":[411,209,390],"product_tag":[],"class_list":{"0":"post-12179","1":"product","2":"type-product","3":"status-publish","4":"has-post-thumbnail","6":"product_cat-aire-de-2","7":"product_cat-kleider","8":"product_cat-umstandskleider","10":"first","11":"instock","12":"taxable","13":"shipping-taxable","14":"purchasable","15":"product-type-simple"},"aioseo_notices":[],"_links":{"self":[{"href":"https:\/\/www.loveandwander.nl\/de\/wp-json\/wp\/v2\/product\/12179","targetHints":{"allow":["GET"]}}],"collection":[{"href":"https:\/\/www.loveandwander.nl\/de\/wp-json\/wp\/v2\/product"}],"about":[{"href":"https:\/\/www.loveandwander.nl\/de\/wp-json\/wp\/v2\/types\/product"}],"replies":[{"embeddable":true,"href":"https:\/\/www.loveandwander.nl\/de\/wp-json\/wp\/v2\/comments?post=12179"}],"wp:featuredmedia":[{"embeddable":true,"href":"https:\/\/www.loveandwander.nl\/de\/wp-json\/wp\/v2\/media\/12748"}],"wp:attachment":[{"href":"https:\/\/www.loveandwander.nl\/de\/wp-json\/wp\/v2\/media?parent=12179"}],"wp:term":[{"taxonomy":"product_brand","embeddable":true,"href":"https:\/\/www.loveandwander.nl\/de\/wp-json\/wp\/v2\/product_brand?post=12179"},{"taxonomy":"product_cat","embeddable":true,"href":"https:\/\/www.loveandwander.nl\/de\/wp-json\/wp\/v2\/product_cat?post=12179"},{"taxonomy":"product_tag","embeddable":true,"href":"https:\/\/www.loveandwander.nl\/de\/wp-json\/wp\/v2\/product_tag?post=12179"}],"curies":[{"name":"wp","href":"https:\/\/api.w.org\/{rel}","templated":true}]}}