{"id":12178,"date":"2023-10-03T20:14:21","date_gmt":"2023-10-03T18:14:21","guid":{"rendered":"https:\/\/www.loveandwander.nl\/product\/kleid-syringa-rosa\/"},"modified":"2024-02-26T21:49:05","modified_gmt":"2024-02-26T20:49:05","slug":"kleid-syringa-rosa","status":"publish","type":"product","link":"https:\/\/www.loveandwander.nl\/de\/produkt\/kleid-syringa-rosa\/","title":{"rendered":"Kleid Syringa Rosa"},"content":{"rendered":"","protected":false},"excerpt":{"rendered":"<p class=\"p1\">Sehr sch\u00f6nes langes Kleid mit einer feinen Linie darin. Das Kleid schimmert ein wenig und ist in drei h\u00fcbschen Farben erh\u00e4ltlich. Auch als Umstandskleid sehr gut zu tragen. Sehr h\u00fcbsch f\u00fcr ein Fotoshooting oder eine Party. Die Gr\u00f6\u00dfe ist eine Einheitsgr\u00f6\u00dfe und kann von Gr\u00f6\u00dfe XS bis L getragen werden.<span class=\"Apple-converted-space\"> <\/span>Es kann bei dunkler Unterw\u00e4sche leicht durchscheinen, daher wird empfohlen, es mit hautfarbener Unterw\u00e4sche oder rosa\/roter Unterw\u00e4sche zu tragen.<\/p>\n<p>_____<\/p>\n<p>Die Frau auf dem Bild ist 1,60 gro\u00df und hat Gr\u00f6\u00dfe XS.<\/p>\n","protected":false},"featured_media":0,"comment_status":"open","ping_status":"closed","template":"","meta":{"content-type":""},"product_brand":[],"product_cat":[209,412,390],"product_tag":[],"class_list":{"0":"post-12178","1":"product","2":"type-product","3":"status-publish","5":"product_cat-kleider","6":"product_cat-syringa-de","7":"product_cat-umstandskleider","8":"pa_kleur-rosa","10":"first","11":"instock","12":"taxable","13":"shipping-taxable","14":"purchasable","15":"product-type-simple"},"aioseo_notices":[],"_links":{"self":[{"href":"https:\/\/www.loveandwander.nl\/de\/wp-json\/wp\/v2\/product\/12178","targetHints":{"allow":["GET"]}}],"collection":[{"href":"https:\/\/www.loveandwander.nl\/de\/wp-json\/wp\/v2\/product"}],"about":[{"href":"https:\/\/www.loveandwander.nl\/de\/wp-json\/wp\/v2\/types\/product"}],"replies":[{"embeddable":true,"href":"https:\/\/www.loveandwander.nl\/de\/wp-json\/wp\/v2\/comments?post=12178"}],"wp:attachment":[{"href":"https:\/\/www.loveandwander.nl\/de\/wp-json\/wp\/v2\/media?parent=12178"}],"wp:term":[{"taxonomy":"product_brand","embeddable":true,"href":"https:\/\/www.loveandwander.nl\/de\/wp-json\/wp\/v2\/product_brand?post=12178"},{"taxonomy":"product_cat","embeddable":true,"href":"https:\/\/www.loveandwander.nl\/de\/wp-json\/wp\/v2\/product_cat?post=12178"},{"taxonomy":"product_tag","embeddable":true,"href":"https:\/\/www.loveandwander.nl\/de\/wp-json\/wp\/v2\/product_tag?post=12178"}],"curies":[{"name":"wp","href":"https:\/\/api.w.org\/{rel}","templated":true}]}}