{"id":12176,"date":"2023-10-05T22:19:11","date_gmt":"2023-10-05T20:19:11","guid":{"rendered":"https:\/\/www.loveandwander.nl\/product\/kleid-aire-schwarz\/"},"modified":"2025-02-10T20:37:09","modified_gmt":"2025-02-10T19:37:09","slug":"kleid-aire-schwarz","status":"publish","type":"product","link":"https:\/\/www.loveandwander.nl\/de\/produkt\/kleid-aire-schwarz\/","title":{"rendered":"Kleid Aire Schwarz (kopie)"},"content":{"rendered":"","protected":false},"excerpt":{"rendered":"<p>Ein wirklich sch\u00f6nes langes Kleid. Die \u00c4rmel sind besonders sch\u00f6n wegen des Details oben. Das Kleid ist unten an beiden Seiten geschlitzt, um einen sch\u00f6nen Effekt zu erzielen. Die Gr\u00f6\u00dfe ist eine Einheitsgr\u00f6\u00dfe und kann von Gr\u00f6\u00dfe XS bis XL getragen werden. Auch als Umstandskleid ist es sehr gut zu tragen.<span class=\"Apple-converted-space\"> Es gibt ihn auch in Rostbraun und Beige. <\/span><\/p>\n<p><span class=\"Apple-converted-space\">___________<\/span><\/p>\n<p><span class=\"Apple-converted-space\">Frau auf dem Bild ist 1,60 und hat Gr\u00f6\u00dfe XS <\/span><\/p>\n","protected":false},"featured_media":12756,"comment_status":"open","ping_status":"closed","template":"","meta":{"content-type":""},"product_brand":[],"product_cat":[411,209,390],"product_tag":[],"class_list":{"0":"post-12176","1":"product","2":"type-product","3":"status-publish","4":"has-post-thumbnail","6":"product_cat-aire-de-2","7":"product_cat-kleider","8":"product_cat-umstandskleider","9":"pa_kleur-schwarz","11":"first","12":"onbackorder","13":"taxable","14":"shipping-taxable","15":"purchasable","16":"product-type-simple"},"aioseo_notices":[],"_links":{"self":[{"href":"https:\/\/www.loveandwander.nl\/de\/wp-json\/wp\/v2\/product\/12176","targetHints":{"allow":["GET"]}}],"collection":[{"href":"https:\/\/www.loveandwander.nl\/de\/wp-json\/wp\/v2\/product"}],"about":[{"href":"https:\/\/www.loveandwander.nl\/de\/wp-json\/wp\/v2\/types\/product"}],"replies":[{"embeddable":true,"href":"https:\/\/www.loveandwander.nl\/de\/wp-json\/wp\/v2\/comments?post=12176"}],"wp:featuredmedia":[{"embeddable":true,"href":"https:\/\/www.loveandwander.nl\/de\/wp-json\/wp\/v2\/media\/12756"}],"wp:attachment":[{"href":"https:\/\/www.loveandwander.nl\/de\/wp-json\/wp\/v2\/media?parent=12176"}],"wp:term":[{"taxonomy":"product_brand","embeddable":true,"href":"https:\/\/www.loveandwander.nl\/de\/wp-json\/wp\/v2\/product_brand?post=12176"},{"taxonomy":"product_cat","embeddable":true,"href":"https:\/\/www.loveandwander.nl\/de\/wp-json\/wp\/v2\/product_cat?post=12176"},{"taxonomy":"product_tag","embeddable":true,"href":"https:\/\/www.loveandwander.nl\/de\/wp-json\/wp\/v2\/product_tag?post=12176"}],"curies":[{"name":"wp","href":"https:\/\/api.w.org\/{rel}","templated":true}]}}