{"id":12174,"date":"2023-10-05T22:19:29","date_gmt":"2023-10-05T20:19:29","guid":{"rendered":"https:\/\/www.loveandwander.nl\/product\/kleid-aspen-green\/"},"modified":"2026-04-10T13:18:26","modified_gmt":"2026-04-10T11:18:26","slug":"kleid-aspen-green","status":"publish","type":"product","link":"https:\/\/www.loveandwander.nl\/de\/produkt\/kleid-aspen-green\/","title":{"rendered":"Kleid Aspen Green"},"content":{"rendered":"","protected":false},"excerpt":{"rendered":"<p class=\"p1\">Sch\u00f6nes langes gr\u00fcnes Kleid mit Falten. Auch als Umstandskleid sehr sch\u00f6n zu tragen. Der Rock hat Falten, die ihnf\u00e4llt sch\u00f6n und an der Taille gibt es eine Art Band als zus\u00e4tzliches Detail. Die Gr\u00f6\u00dfe ist eine Einheitsgr\u00f6\u00dfe und kann von Gr\u00f6\u00dfe XS bis zu einer kleinen Gr\u00f6\u00dfe L getragen werden.<\/p>\n<p>______<\/p>\n<p>Die Frau auf dem Bild ist 1,60 gro\u00df und hat Gr\u00f6\u00dfe XS.<\/p>\n","protected":false},"featured_media":11230,"comment_status":"open","ping_status":"closed","template":"","meta":{"content-type":""},"product_brand":[],"product_cat":[209,409,390],"product_tag":[],"class_list":{"0":"post-12174","1":"product","2":"type-product","3":"status-publish","4":"has-post-thumbnail","6":"product_cat-kleider","7":"product_cat-aspen-de","8":"product_cat-umstandskleider","9":"pa_kleur-grun","11":"first","12":"instock","13":"taxable","14":"shipping-taxable","15":"purchasable","16":"product-type-simple"},"aioseo_notices":[],"_links":{"self":[{"href":"https:\/\/www.loveandwander.nl\/de\/wp-json\/wp\/v2\/product\/12174","targetHints":{"allow":["GET"]}}],"collection":[{"href":"https:\/\/www.loveandwander.nl\/de\/wp-json\/wp\/v2\/product"}],"about":[{"href":"https:\/\/www.loveandwander.nl\/de\/wp-json\/wp\/v2\/types\/product"}],"replies":[{"embeddable":true,"href":"https:\/\/www.loveandwander.nl\/de\/wp-json\/wp\/v2\/comments?post=12174"}],"wp:featuredmedia":[{"embeddable":true,"href":"https:\/\/www.loveandwander.nl\/de\/wp-json\/wp\/v2\/media\/11230"}],"wp:attachment":[{"href":"https:\/\/www.loveandwander.nl\/de\/wp-json\/wp\/v2\/media?parent=12174"}],"wp:term":[{"taxonomy":"product_brand","embeddable":true,"href":"https:\/\/www.loveandwander.nl\/de\/wp-json\/wp\/v2\/product_brand?post=12174"},{"taxonomy":"product_cat","embeddable":true,"href":"https:\/\/www.loveandwander.nl\/de\/wp-json\/wp\/v2\/product_cat?post=12174"},{"taxonomy":"product_tag","embeddable":true,"href":"https:\/\/www.loveandwander.nl\/de\/wp-json\/wp\/v2\/product_tag?post=12174"}],"curies":[{"name":"wp","href":"https:\/\/api.w.org\/{rel}","templated":true}]}}