{"id":12173,"date":"2024-02-07T21:55:53","date_gmt":"2024-02-07T20:55:53","guid":{"rendered":"https:\/\/www.loveandwander.nl\/product\/kleid-basilikum-rust\/"},"modified":"2025-09-27T20:06:09","modified_gmt":"2025-09-27T18:06:09","slug":"kleid-basil-rust","status":"publish","type":"product","link":"https:\/\/www.loveandwander.nl\/de\/produkt\/kleid-basil-rust\/","title":{"rendered":"Kleid Basil Rust"},"content":{"rendered":"","protected":false},"excerpt":{"rendered":"<p class=\"p1\">Wundersch\u00f6nes langes rostfarbenes Kleid mit h\u00fcbschen Details am Oberteil. Es ist sehr bequem und l\u00e4sst sich auch gut als Umstandskleid tragen. Der Rock hat sch\u00f6ne Falten, die das Kleid schick machen. Sehr h\u00fcbsch f\u00fcr ein Fotoshooting, eine Hochzeit\/Party oder einfach so zu tragen. Die Gr\u00f6\u00dfe ist eine Einheitsgr\u00f6\u00dfe und kann von Gr\u00f6\u00dfe XS bis L getragen werden.<\/p>\n<p>______________<\/p>\n<p>Die Frau auf dem Bild mit blondem Haar ist 1,63 und hat Gr\u00f6\u00dfe M<\/p>\n<p>Frau auf dem Bild mit roten Haaren ist 1,75 gro\u00df und hat Gr\u00f6\u00dfe M<\/p>\n<p>______________<\/p>\n<p>Material des Kleides ist 95% Polyester und 5% Elastan<\/p>\n","protected":false},"featured_media":11656,"comment_status":"open","ping_status":"closed","template":"","meta":{"content-type":""},"product_brand":[],"product_cat":[209,408,390],"product_tag":[],"class_list":{"0":"post-12173","1":"product","2":"type-product","3":"status-publish","4":"has-post-thumbnail","6":"product_cat-kleider","7":"product_cat-basilikum","8":"product_cat-umstandskleider","9":"pa_kleur-rost","11":"first","12":"instock","13":"taxable","14":"shipping-taxable","15":"purchasable","16":"product-type-simple"},"aioseo_notices":[],"_links":{"self":[{"href":"https:\/\/www.loveandwander.nl\/de\/wp-json\/wp\/v2\/product\/12173","targetHints":{"allow":["GET"]}}],"collection":[{"href":"https:\/\/www.loveandwander.nl\/de\/wp-json\/wp\/v2\/product"}],"about":[{"href":"https:\/\/www.loveandwander.nl\/de\/wp-json\/wp\/v2\/types\/product"}],"replies":[{"embeddable":true,"href":"https:\/\/www.loveandwander.nl\/de\/wp-json\/wp\/v2\/comments?post=12173"}],"wp:featuredmedia":[{"embeddable":true,"href":"https:\/\/www.loveandwander.nl\/de\/wp-json\/wp\/v2\/media\/11656"}],"wp:attachment":[{"href":"https:\/\/www.loveandwander.nl\/de\/wp-json\/wp\/v2\/media?parent=12173"}],"wp:term":[{"taxonomy":"product_brand","embeddable":true,"href":"https:\/\/www.loveandwander.nl\/de\/wp-json\/wp\/v2\/product_brand?post=12173"},{"taxonomy":"product_cat","embeddable":true,"href":"https:\/\/www.loveandwander.nl\/de\/wp-json\/wp\/v2\/product_cat?post=12173"},{"taxonomy":"product_tag","embeddable":true,"href":"https:\/\/www.loveandwander.nl\/de\/wp-json\/wp\/v2\/product_tag?post=12173"}],"curies":[{"name":"wp","href":"https:\/\/api.w.org\/{rel}","templated":true}]}}