{"id":12164,"date":"2024-02-08T11:57:45","date_gmt":"2024-02-08T10:57:45","guid":{"rendered":"https:\/\/www.loveandwander.nl\/product\/kleid-este-white\/"},"modified":"2024-08-04T09:36:43","modified_gmt":"2024-08-04T07:36:43","slug":"kleid-este-weiss","status":"publish","type":"product","link":"https:\/\/www.loveandwander.nl\/de\/produkt\/kleid-este-weiss\/","title":{"rendered":"Kleid Este Wei\u00df"},"content":{"rendered":"","protected":false},"excerpt":{"rendered":"<p class=\"p1\">Wundersch\u00f6nes romantisches wei\u00dfes Kleid. Es ist wahlweise beidseitig tragbar, so dass Sie je nach K\u00f6rbchengr\u00f6\u00dfe eine andere Vorderseite haben. Kann sowohl schwanger als auch nicht schwanger getragen werden, also auch sehr sch\u00f6n f\u00fcr ein Mutterschafts-Fotoshooting. Sie ist in zwei verschiedenen Gr\u00f6\u00dfen erh\u00e4ltlich. Das Kleid schimmert leicht durch, so dass man darunter am besten rosa, hautfarbene oder rote Unterw\u00e4sche tr\u00e4gt.<\/p>\n<p>_______<\/p>\n<p>Die Frau auf dem Bild mit blondem Haar ist 1,63 und hat Gr\u00f6\u00dfe M<\/p>\n<p>Frau auf dem Bild mit roten Haaren ist 1,75 gro\u00df und hat Gr\u00f6\u00dfe M<\/p>\n","protected":false},"featured_media":11692,"comment_status":"open","ping_status":"closed","template":"","meta":{"content-type":""},"product_brand":[],"product_cat":[209,404,390],"product_tag":[],"class_list":{"0":"post-12164","1":"product","2":"type-product","3":"status-publish","4":"has-post-thumbnail","6":"product_cat-kleider","7":"product_cat-este-de","8":"product_cat-umstandskleider","9":"pa_kleur-weis","11":"first","12":"instock","13":"taxable","14":"shipping-taxable","15":"purchasable","16":"product-type-variable","17":"has-default-attributes"},"aioseo_notices":[],"_links":{"self":[{"href":"https:\/\/www.loveandwander.nl\/de\/wp-json\/wp\/v2\/product\/12164","targetHints":{"allow":["GET"]}}],"collection":[{"href":"https:\/\/www.loveandwander.nl\/de\/wp-json\/wp\/v2\/product"}],"about":[{"href":"https:\/\/www.loveandwander.nl\/de\/wp-json\/wp\/v2\/types\/product"}],"replies":[{"embeddable":true,"href":"https:\/\/www.loveandwander.nl\/de\/wp-json\/wp\/v2\/comments?post=12164"}],"wp:featuredmedia":[{"embeddable":true,"href":"https:\/\/www.loveandwander.nl\/de\/wp-json\/wp\/v2\/media\/11692"}],"wp:attachment":[{"href":"https:\/\/www.loveandwander.nl\/de\/wp-json\/wp\/v2\/media?parent=12164"}],"wp:term":[{"taxonomy":"product_brand","embeddable":true,"href":"https:\/\/www.loveandwander.nl\/de\/wp-json\/wp\/v2\/product_brand?post=12164"},{"taxonomy":"product_cat","embeddable":true,"href":"https:\/\/www.loveandwander.nl\/de\/wp-json\/wp\/v2\/product_cat?post=12164"},{"taxonomy":"product_tag","embeddable":true,"href":"https:\/\/www.loveandwander.nl\/de\/wp-json\/wp\/v2\/product_tag?post=12164"}],"curies":[{"name":"wp","href":"https:\/\/api.w.org\/{rel}","templated":true}]}}