{"id":12162,"date":"2024-02-08T12:00:10","date_gmt":"2024-02-08T11:00:10","guid":{"rendered":"https:\/\/www.loveandwander.nl\/product\/kleid-fira-beige\/"},"modified":"2026-04-01T12:04:27","modified_gmt":"2026-04-01T10:04:27","slug":"kleid-fira-beige","status":"publish","type":"product","link":"https:\/\/www.loveandwander.nl\/de\/produkt\/kleid-fira-beige\/","title":{"rendered":"Kleid Fira Beige"},"content":{"rendered":"","protected":false},"excerpt":{"rendered":"<p class=\"p1\">Supersch\u00f6nes Basic-Kleid in verschiedenen Farben erh\u00e4ltlich. Sehr gut als Umstandskleid zu tragen. Sie k\u00f6nnen ihn gut mit Ihrem eigenen G\u00fcrtel kombinieren. Darunter m\u00fcssen Turnschuhe oder Sandalen sein. Die Gr\u00f6\u00dfe ist eine Einheitsgr\u00f6\u00dfe und kann von Gr\u00f6\u00dfe XS bis L getragen werden.<\/p>\n<p>_________<\/p>\n<p class=\"p1\">Die Frau auf dem Bild mit blondem Haar ist 1,63 und hat Gr\u00f6\u00dfe M<\/p>\n<p>Frau auf dem Bild mit roten Haaren ist 1,75 gro\u00df und hat Gr\u00f6\u00dfe M<\/p>\n","protected":false},"featured_media":11706,"comment_status":"open","ping_status":"closed","template":"","meta":{"content-type":""},"product_brand":[],"product_cat":[209,394,390],"product_tag":[],"class_list":{"0":"post-12162","1":"product","2":"type-product","3":"status-publish","4":"has-post-thumbnail","6":"product_cat-kleider","7":"product_cat-fira-de","8":"product_cat-umstandskleider","9":"pa_kleur-beige-de","11":"first","12":"instock","13":"taxable","14":"shipping-taxable","15":"purchasable","16":"product-type-simple"},"aioseo_notices":[],"_links":{"self":[{"href":"https:\/\/www.loveandwander.nl\/de\/wp-json\/wp\/v2\/product\/12162","targetHints":{"allow":["GET"]}}],"collection":[{"href":"https:\/\/www.loveandwander.nl\/de\/wp-json\/wp\/v2\/product"}],"about":[{"href":"https:\/\/www.loveandwander.nl\/de\/wp-json\/wp\/v2\/types\/product"}],"replies":[{"embeddable":true,"href":"https:\/\/www.loveandwander.nl\/de\/wp-json\/wp\/v2\/comments?post=12162"}],"wp:featuredmedia":[{"embeddable":true,"href":"https:\/\/www.loveandwander.nl\/de\/wp-json\/wp\/v2\/media\/11706"}],"wp:attachment":[{"href":"https:\/\/www.loveandwander.nl\/de\/wp-json\/wp\/v2\/media?parent=12162"}],"wp:term":[{"taxonomy":"product_brand","embeddable":true,"href":"https:\/\/www.loveandwander.nl\/de\/wp-json\/wp\/v2\/product_brand?post=12162"},{"taxonomy":"product_cat","embeddable":true,"href":"https:\/\/www.loveandwander.nl\/de\/wp-json\/wp\/v2\/product_cat?post=12162"},{"taxonomy":"product_tag","embeddable":true,"href":"https:\/\/www.loveandwander.nl\/de\/wp-json\/wp\/v2\/product_tag?post=12162"}],"curies":[{"name":"wp","href":"https:\/\/api.w.org\/{rel}","templated":true}]}}