{"id":12148,"date":"2024-02-08T12:00:32","date_gmt":"2024-02-08T11:00:32","guid":{"rendered":"https:\/\/www.loveandwander.nl\/product\/kleid-lara-bronze\/"},"modified":"2024-02-26T21:34:10","modified_gmt":"2024-02-26T20:34:10","slug":"kleid-lara-bronze","status":"publish","type":"product","link":"https:\/\/www.loveandwander.nl\/de\/produkt\/kleid-lara-bronze\/","title":{"rendered":"Kleid Lara Bronze"},"content":{"rendered":"","protected":false},"excerpt":{"rendered":"<p class=\"p1\">Sch\u00f6nes lang\u00e4rmeliges Kleid. Dieses Kleid ist dem Astrantia-Kleid sehr \u00e4hnlich, nur hat es keinen Schlitz am unteren Ende. Super h\u00fcbsch auch als Umstandskleid. Es ist in verschiedenen Farben erh\u00e4ltlich. Die Gr\u00f6\u00dfe ist eine Einheitsgr\u00f6\u00dfe und kann von Gr\u00f6\u00dfe XS bis L getragen werden.<span class=\"Apple-converted-space\"> Die Farbe liegt zwischen Bronze und Rostbraun. <\/span> <\/p>\n<p>_______<\/p>\n<p>Frau auf dem Bild ist 1,60 und hat Gr\u00f6\u00dfe XS<\/p>\n","protected":false},"featured_media":11756,"comment_status":"open","ping_status":"closed","template":"","meta":{"content-type":""},"product_brand":[],"product_cat":[209,400,390],"product_tag":[],"class_list":{"0":"post-12148","1":"product","2":"type-product","3":"status-publish","4":"has-post-thumbnail","6":"product_cat-kleider","7":"product_cat-lara-de","8":"product_cat-umstandskleider","9":"pa_kleur-bronze-de","10":"pa_kleur-rostbraun","12":"first","13":"instock","14":"taxable","15":"shipping-taxable","16":"purchasable","17":"product-type-simple"},"aioseo_notices":[],"_links":{"self":[{"href":"https:\/\/www.loveandwander.nl\/de\/wp-json\/wp\/v2\/product\/12148","targetHints":{"allow":["GET"]}}],"collection":[{"href":"https:\/\/www.loveandwander.nl\/de\/wp-json\/wp\/v2\/product"}],"about":[{"href":"https:\/\/www.loveandwander.nl\/de\/wp-json\/wp\/v2\/types\/product"}],"replies":[{"embeddable":true,"href":"https:\/\/www.loveandwander.nl\/de\/wp-json\/wp\/v2\/comments?post=12148"}],"wp:featuredmedia":[{"embeddable":true,"href":"https:\/\/www.loveandwander.nl\/de\/wp-json\/wp\/v2\/media\/11756"}],"wp:attachment":[{"href":"https:\/\/www.loveandwander.nl\/de\/wp-json\/wp\/v2\/media?parent=12148"}],"wp:term":[{"taxonomy":"product_brand","embeddable":true,"href":"https:\/\/www.loveandwander.nl\/de\/wp-json\/wp\/v2\/product_brand?post=12148"},{"taxonomy":"product_cat","embeddable":true,"href":"https:\/\/www.loveandwander.nl\/de\/wp-json\/wp\/v2\/product_cat?post=12148"},{"taxonomy":"product_tag","embeddable":true,"href":"https:\/\/www.loveandwander.nl\/de\/wp-json\/wp\/v2\/product_tag?post=12148"}],"curies":[{"name":"wp","href":"https:\/\/api.w.org\/{rel}","templated":true}]}}