{"id":12147,"date":"2024-02-08T12:00:36","date_gmt":"2024-02-08T11:00:36","guid":{"rendered":"https:\/\/www.loveandwander.nl\/product\/kleid-lara-beige\/"},"modified":"2025-08-05T16:39:25","modified_gmt":"2025-08-05T14:39:25","slug":"kleid-lara-beige","status":"publish","type":"product","link":"https:\/\/www.loveandwander.nl\/de\/produkt\/kleid-lara-beige\/","title":{"rendered":"Kleid Lara Beige"},"content":{"rendered":"","protected":false},"excerpt":{"rendered":"<p class=\"p1\">Sch\u00f6nes lang\u00e4rmeliges Kleid. Dieses Kleid ist dem Astrantia-Kleid sehr \u00e4hnlich, nur hat es keinen Schlitz am unteren Ende. Super h\u00fcbsch auch als Umstandskleid. Es ist in verschiedenen Farben erh\u00e4ltlich. Die Gr\u00f6\u00dfe ist eine Einheitsgr\u00f6\u00dfe und kann von Gr\u00f6\u00dfe XS bis L getragen werden.<span class=\"Apple-converted-space\"> <\/span><\/p>\n<p>_______<\/p>\n<p>Frau auf dem Bild mit roten Haaren ist 1,75 gro\u00df und hat Gr\u00f6\u00dfe M<\/p>\n<p>Frau auf dem Bild mit blondem Haar ist 1,63 und hat Gr\u00f6\u00dfe M<\/p>\n","protected":false},"featured_media":11746,"comment_status":"open","ping_status":"closed","template":"","meta":{"content-type":""},"product_brand":[],"product_cat":[209,400,390],"product_tag":[],"class_list":{"0":"post-12147","1":"product","2":"type-product","3":"status-publish","4":"has-post-thumbnail","6":"product_cat-kleider","7":"product_cat-lara-de","8":"product_cat-umstandskleider","9":"pa_kleur-beige-de","11":"first","12":"onbackorder","13":"taxable","14":"shipping-taxable","15":"purchasable","16":"product-type-simple"},"aioseo_notices":[],"_links":{"self":[{"href":"https:\/\/www.loveandwander.nl\/de\/wp-json\/wp\/v2\/product\/12147","targetHints":{"allow":["GET"]}}],"collection":[{"href":"https:\/\/www.loveandwander.nl\/de\/wp-json\/wp\/v2\/product"}],"about":[{"href":"https:\/\/www.loveandwander.nl\/de\/wp-json\/wp\/v2\/types\/product"}],"replies":[{"embeddable":true,"href":"https:\/\/www.loveandwander.nl\/de\/wp-json\/wp\/v2\/comments?post=12147"}],"wp:featuredmedia":[{"embeddable":true,"href":"https:\/\/www.loveandwander.nl\/de\/wp-json\/wp\/v2\/media\/11746"}],"wp:attachment":[{"href":"https:\/\/www.loveandwander.nl\/de\/wp-json\/wp\/v2\/media?parent=12147"}],"wp:term":[{"taxonomy":"product_brand","embeddable":true,"href":"https:\/\/www.loveandwander.nl\/de\/wp-json\/wp\/v2\/product_brand?post=12147"},{"taxonomy":"product_cat","embeddable":true,"href":"https:\/\/www.loveandwander.nl\/de\/wp-json\/wp\/v2\/product_cat?post=12147"},{"taxonomy":"product_tag","embeddable":true,"href":"https:\/\/www.loveandwander.nl\/de\/wp-json\/wp\/v2\/product_tag?post=12147"}],"curies":[{"name":"wp","href":"https:\/\/api.w.org\/{rel}","templated":true}]}}